{"id":2931,"date":"2024-11-30T22:41:55","date_gmt":"2024-11-30T22:41:55","guid":{"rendered":"https:\/\/www.printings-n.com\/produit\/chopes-de-biere-50-cl-160mm-glassbeermug050straight\/"},"modified":"2024-11-30T22:41:56","modified_gmt":"2024-11-30T22:41:56","slug":"boccali-di-birra-50-cl-160mm-vetrobeermug050straight","status":"publish","type":"product","link":"https:\/\/www.printings-n.com\/it\/prodotto\/boccali-di-birra-50-cl-160mm-vetrobeermug050straight\/","title":{"rendered":"Boccali da birra 500ml"},"content":{"rendered":"<p>Con questo modello, che ricorder\u00e0 agli amanti della birra le feste tedesche come l'Oktoberfest, darete un'immagine amichevole mostrando la vostra identit\u00e0. Ideale per le lager, pu\u00f2 essere ordinato in grandi quantit\u00e0.<\/p>","protected":false},"excerpt":{"rendered":"<p>Con questo modello, che ricorder\u00e0 agli amanti della birra le feste tedesche come l'Oktoberfest, darete un'immagine amichevole mostrando la vostra identit\u00e0. Ideale per le lager, pu\u00f2 essere ordinato in grandi quantit\u00e0.<\/p>","protected":false},"featured_media":2932,"comment_status":"open","ping_status":"closed","template":"","meta":[],"product_brand":[],"product_cat":[74],"product_tag":[],"class_list":{"0":"post-2931","1":"product","2":"type-product","3":"status-publish","4":"has-post-thumbnail","6":"product_cat-hotellerie-restauration","8":"first","9":"instock","10":"taxable","11":"shipping-taxable","12":"product-type-simple"},"_links":{"self":[{"href":"https:\/\/www.printings-n.com\/it\/wp-json\/wp\/v2\/product\/2931","targetHints":{"allow":["GET"]}}],"collection":[{"href":"https:\/\/www.printings-n.com\/it\/wp-json\/wp\/v2\/product"}],"about":[{"href":"https:\/\/www.printings-n.com\/it\/wp-json\/wp\/v2\/types\/product"}],"replies":[{"embeddable":true,"href":"https:\/\/www.printings-n.com\/it\/wp-json\/wp\/v2\/comments?post=2931"}],"wp:featuredmedia":[{"embeddable":true,"href":"https:\/\/www.printings-n.com\/it\/wp-json\/wp\/v2\/media\/2932"}],"wp:attachment":[{"href":"https:\/\/www.printings-n.com\/it\/wp-json\/wp\/v2\/media?parent=2931"}],"wp:term":[{"taxonomy":"product_brand","embeddable":true,"href":"https:\/\/www.printings-n.com\/it\/wp-json\/wp\/v2\/product_brand?post=2931"},{"taxonomy":"product_cat","embeddable":true,"href":"https:\/\/www.printings-n.com\/it\/wp-json\/wp\/v2\/product_cat?post=2931"},{"taxonomy":"product_tag","embeddable":true,"href":"https:\/\/www.printings-n.com\/it\/wp-json\/wp\/v2\/product_tag?post=2931"}],"curies":[{"name":"wp","href":"https:\/\/api.w.org\/{rel}","templated":true}]}}