{"id":2929,"date":"2024-11-30T22:41:52","date_gmt":"2024-11-30T22:41:52","guid":{"rendered":"https:\/\/www.printings-n.com\/produit\/verres-a-biere-32cl-prague-glassbeer032praque\/"},"modified":"2024-11-30T22:41:53","modified_gmt":"2024-11-30T22:41:53","slug":"bicchieri-da-birra-32cl-praga-vetrobeer032praque","status":"publish","type":"product","link":"https:\/\/www.printings-n.com\/it\/prodotto\/bicchieri-da-birra-32cl-praga-vetrobeer032praque\/","title":{"rendered":"Bicchieri da birra 32cl Praga"},"content":{"rendered":"<p>Particolarmente apprezzato per la degustazione di birre bianche o leggere grazie alla sua forma che ne rivela gli aromi pi\u00f9 fini, il bicchiere da birra da 32cl \u00e8 un modello riconoscibile che \u00e8 gi\u00e0 stato ordinato da molti locali. Disponibile in 36 pezzi, sar\u00e0 il vostro compagno per tutte le vostre celebrazioni.<\/p>","protected":false},"excerpt":{"rendered":"<p>Particolarmente apprezzato per la degustazione di birre bianche o leggere grazie alla sua forma che ne rivela gli aromi pi\u00f9 fini, il bicchiere da birra da 32cl \u00e8 un modello riconoscibile che \u00e8 gi\u00e0 stato ordinato da molti locali. Disponibile in 36 pezzi, sar\u00e0 il vostro compagno per tutte le vostre celebrazioni.<\/p>","protected":false},"featured_media":2930,"comment_status":"open","ping_status":"closed","template":"","meta":[],"product_brand":[],"product_cat":[74],"product_tag":[],"class_list":{"0":"post-2929","1":"product","2":"type-product","3":"status-publish","4":"has-post-thumbnail","6":"product_cat-hotellerie-restauration","8":"first","9":"instock","10":"taxable","11":"shipping-taxable","12":"product-type-simple"},"_links":{"self":[{"href":"https:\/\/www.printings-n.com\/it\/wp-json\/wp\/v2\/product\/2929","targetHints":{"allow":["GET"]}}],"collection":[{"href":"https:\/\/www.printings-n.com\/it\/wp-json\/wp\/v2\/product"}],"about":[{"href":"https:\/\/www.printings-n.com\/it\/wp-json\/wp\/v2\/types\/product"}],"replies":[{"embeddable":true,"href":"https:\/\/www.printings-n.com\/it\/wp-json\/wp\/v2\/comments?post=2929"}],"wp:featuredmedia":[{"embeddable":true,"href":"https:\/\/www.printings-n.com\/it\/wp-json\/wp\/v2\/media\/2930"}],"wp:attachment":[{"href":"https:\/\/www.printings-n.com\/it\/wp-json\/wp\/v2\/media?parent=2929"}],"wp:term":[{"taxonomy":"product_brand","embeddable":true,"href":"https:\/\/www.printings-n.com\/it\/wp-json\/wp\/v2\/product_brand?post=2929"},{"taxonomy":"product_cat","embeddable":true,"href":"https:\/\/www.printings-n.com\/it\/wp-json\/wp\/v2\/product_cat?post=2929"},{"taxonomy":"product_tag","embeddable":true,"href":"https:\/\/www.printings-n.com\/it\/wp-json\/wp\/v2\/product_tag?post=2929"}],"curies":[{"name":"wp","href":"https:\/\/api.w.org\/{rel}","templated":true}]}}