{"id":2917,"date":"2024-11-30T22:41:29","date_gmt":"2024-11-30T22:41:29","guid":{"rendered":"https:\/\/www.printings-n.com\/produit\/ballons-classiques-30cm-balloons\/"},"modified":"2024-11-30T22:41:30","modified_gmt":"2024-11-30T22:41:30","slug":"palloncini-classici-da-30-cm","status":"publish","type":"product","link":"https:\/\/www.printings-n.com\/it\/prodotto\/palloncini-classici-da-30-cm\/","title":{"rendered":"Palloncini classici (30 cm)"},"content":{"rendered":"<p>Fate un figurone con i palloncini personalizzati, rendendoli unici con l'aggiunta del vostro logo o disegno! Sono disponibili in 8 colori e sono realizzati in lattice naturale, un materiale rinnovabile ricavato dagli alberi della gomma. Scegliete di aggiungere dei nastri per distribuire facilmente i palloncini.<br \/>\n&lt;br&gt;&lt;br&gt;<br \/>\nNota: per la stampa fronte\/retro, riprodurremo la stessa immagine su entrambi i lati. &lt;br&gt;&lt;br&gt;<br \/>\nIl vostro palloncino sar\u00e0 del colore che preferite, mentre il vostro logo o disegno sar\u00e0 stampato in un colore diverso, corrispondente a quello del vostro file.<\/p>","protected":false},"excerpt":{"rendered":"<p>Faites sensation avec des ballons personnalis\u00e9s, rendez les uniques en ajoutant votre logo ou votre design ! Ils existent en 8 couleurs et sont fabriqu\u00e9s en latex naturel &#8211; un mat\u00e9riau renouvelable issu de l&#039;h\u00e9v\u00e9a. Choisissez d&#039;ajouter des rubans, afin de pouvoir distribuer les ballons facilement. &lt;br&gt;&lt;br&gt; Note : Pour l&#039;impression recto-verso, nous reproduirons le [&hellip;]<\/p>\n","protected":false},"featured_media":2918,"comment_status":"open","ping_status":"closed","template":"","meta":[],"product_brand":[],"product_cat":[74],"product_tag":[],"class_list":{"0":"post-2917","1":"product","2":"type-product","3":"status-publish","4":"has-post-thumbnail","6":"product_cat-hotellerie-restauration","8":"first","9":"instock","10":"taxable","11":"shipping-taxable","12":"product-type-simple"},"_links":{"self":[{"href":"https:\/\/www.printings-n.com\/it\/wp-json\/wp\/v2\/product\/2917","targetHints":{"allow":["GET"]}}],"collection":[{"href":"https:\/\/www.printings-n.com\/it\/wp-json\/wp\/v2\/product"}],"about":[{"href":"https:\/\/www.printings-n.com\/it\/wp-json\/wp\/v2\/types\/product"}],"replies":[{"embeddable":true,"href":"https:\/\/www.printings-n.com\/it\/wp-json\/wp\/v2\/comments?post=2917"}],"wp:featuredmedia":[{"embeddable":true,"href":"https:\/\/www.printings-n.com\/it\/wp-json\/wp\/v2\/media\/2918"}],"wp:attachment":[{"href":"https:\/\/www.printings-n.com\/it\/wp-json\/wp\/v2\/media?parent=2917"}],"wp:term":[{"taxonomy":"product_brand","embeddable":true,"href":"https:\/\/www.printings-n.com\/it\/wp-json\/wp\/v2\/product_brand?post=2917"},{"taxonomy":"product_cat","embeddable":true,"href":"https:\/\/www.printings-n.com\/it\/wp-json\/wp\/v2\/product_cat?post=2917"},{"taxonomy":"product_tag","embeddable":true,"href":"https:\/\/www.printings-n.com\/it\/wp-json\/wp\/v2\/product_tag?post=2917"}],"curies":[{"name":"wp","href":"https:\/\/api.w.org\/{rel}","templated":true}]}}