{"id":2887,"date":"2024-11-30T22:35:58","date_gmt":"2024-11-30T22:35:58","guid":{"rendered":"https:\/\/www.printings-n.com\/produit\/cartes-pvc-avec-bande-magnetique-loco-businesscardspvcwhitelocomagneticstrip\/"},"modified":"2024-11-30T22:35:58","modified_gmt":"2024-11-30T22:35:58","slug":"carte-in-pvc-con-banda-magnetica-loco-businesscardspvcwhitelocomagneticstrip","status":"publish","type":"product","link":"https:\/\/www.printings-n.com\/it\/prodotto\/carte-in-pvc-con-banda-magnetica-loco-businesscardspvcwhitelocomagneticstrip\/","title":{"rendered":"Carte in PVC con banda magnetica (LoCo)"},"content":{"rendered":"<p>Nota: queste schede in PVC con bande magnetiche HiCo e LoCo possono essere adatte a sistemi diversi! Si prega di verificare con l'amministratore di rete prima di ordinare.<br \/>\nQueste tessere con banda magnetica sono realizzate in PVC bianco ultra-forte e resistente e possono essere paragonate a una carta bancaria. Le carte in PVC con banda magnetica HiCo sono ideali se i dati memorizzati sulla carta hanno una lunga durata o non devono essere cambiati frequentemente. Poich\u00e9 il loro campo magnetico \u00e8 pi\u00f9 forte di quello delle carte LoCo, le carte con banda magnetica LoCo sono utilizzate soprattutto per applicazioni a breve termine o quando le informazioni sulla carta devono essere riscritte frequentemente. Sono ideali come pass d'ingresso per aziende, hotel e scuole o come carte fedelt\u00e0.<\/p>","protected":false},"excerpt":{"rendered":"<p>Note : Ces cartes PVC avec bande magn\u00e9tique HiCo et LoCo peuvent convenir \u00e0 diff\u00e9rents syst\u00e8mes ! V\u00e9rifiez donc d&#039;abord avec votre administrateur r\u00e9seau avant de commander. Ces cartes \u00e0 bande magn\u00e9tique sont con\u00e7ues en PVC blanc ultra solide et r\u00e9sistant et peuvent \u00eatre compar\u00e9es \u00e0 une carte bancaire. Les cartes en PVC avec une [&hellip;]<\/p>\n","protected":false},"featured_media":2888,"comment_status":"open","ping_status":"closed","template":"","meta":[],"product_brand":[],"product_cat":[72],"product_tag":[],"class_list":{"0":"post-2887","1":"product","2":"type-product","3":"status-publish","4":"has-post-thumbnail","6":"product_cat-cartes-de-visite","8":"first","9":"instock","10":"taxable","11":"shipping-taxable","12":"product-type-simple"},"_links":{"self":[{"href":"https:\/\/www.printings-n.com\/it\/wp-json\/wp\/v2\/product\/2887","targetHints":{"allow":["GET"]}}],"collection":[{"href":"https:\/\/www.printings-n.com\/it\/wp-json\/wp\/v2\/product"}],"about":[{"href":"https:\/\/www.printings-n.com\/it\/wp-json\/wp\/v2\/types\/product"}],"replies":[{"embeddable":true,"href":"https:\/\/www.printings-n.com\/it\/wp-json\/wp\/v2\/comments?post=2887"}],"wp:featuredmedia":[{"embeddable":true,"href":"https:\/\/www.printings-n.com\/it\/wp-json\/wp\/v2\/media\/2888"}],"wp:attachment":[{"href":"https:\/\/www.printings-n.com\/it\/wp-json\/wp\/v2\/media?parent=2887"}],"wp:term":[{"taxonomy":"product_brand","embeddable":true,"href":"https:\/\/www.printings-n.com\/it\/wp-json\/wp\/v2\/product_brand?post=2887"},{"taxonomy":"product_cat","embeddable":true,"href":"https:\/\/www.printings-n.com\/it\/wp-json\/wp\/v2\/product_cat?post=2887"},{"taxonomy":"product_tag","embeddable":true,"href":"https:\/\/www.printings-n.com\/it\/wp-json\/wp\/v2\/product_tag?post=2887"}],"curies":[{"name":"wp","href":"https:\/\/api.w.org\/{rel}","templated":true}]}}