{"id":5207,"date":"2024-12-01T18:15:22","date_gmt":"2024-12-01T18:15:22","guid":{"rendered":"https:\/\/www.printings-n.com\/produit\/cles-usb-pmsh-usbtruecolorstick-2\/"},"modified":"2024-12-01T18:15:22","modified_gmt":"2024-12-01T18:15:22","slug":"cles-usb-pmsh-usbtruecolorstick-2","status":"publish","type":"product","link":"https:\/\/www.printings-n.com\/fr_fr\/produit\/cles-usb-pmsh-usbtruecolorstick-2\/","title":{"rendered":"Cl\u00e9s USB PMSh"},"content":{"rendered":"<p>Les Cl\u00e9s USB PMSh sont disponibles dans presque toutes les couleurs Pantone. Par cons\u00e9quent, vos cl\u00e9s correspondront pleinement \u00e0 l&#039;identit\u00e9 de votre entreprise.<\/p>\n","protected":false},"excerpt":{"rendered":"<p>Les Cl\u00e9s USB PMSh sont disponibles dans presque toutes les couleurs Pantone. Par cons\u00e9quent, vos cl\u00e9s correspondront pleinement \u00e0 l&#039;identit\u00e9 de votre entreprise.<\/p>\n","protected":false},"featured_media":5208,"comment_status":"open","ping_status":"closed","template":"","meta":[],"product_brand":[],"product_cat":[128],"product_tag":[],"class_list":{"0":"post-5207","1":"product","2":"type-product","3":"status-publish","4":"has-post-thumbnail","6":"product_cat-cles-usb","8":"first","9":"instock","10":"taxable","11":"shipping-taxable","12":"product-type-simple"},"_links":{"self":[{"href":"https:\/\/www.printings-n.com\/fr_fr\/wp-json\/wp\/v2\/product\/5207","targetHints":{"allow":["GET"]}}],"collection":[{"href":"https:\/\/www.printings-n.com\/fr_fr\/wp-json\/wp\/v2\/product"}],"about":[{"href":"https:\/\/www.printings-n.com\/fr_fr\/wp-json\/wp\/v2\/types\/product"}],"replies":[{"embeddable":true,"href":"https:\/\/www.printings-n.com\/fr_fr\/wp-json\/wp\/v2\/comments?post=5207"}],"wp:featuredmedia":[{"embeddable":true,"href":"https:\/\/www.printings-n.com\/fr_fr\/wp-json\/wp\/v2\/media\/5208"}],"wp:attachment":[{"href":"https:\/\/www.printings-n.com\/fr_fr\/wp-json\/wp\/v2\/media?parent=5207"}],"wp:term":[{"taxonomy":"product_brand","embeddable":true,"href":"https:\/\/www.printings-n.com\/fr_fr\/wp-json\/wp\/v2\/product_brand?post=5207"},{"taxonomy":"product_cat","embeddable":true,"href":"https:\/\/www.printings-n.com\/fr_fr\/wp-json\/wp\/v2\/product_cat?post=5207"},{"taxonomy":"product_tag","embeddable":true,"href":"https:\/\/www.printings-n.com\/fr_fr\/wp-json\/wp\/v2\/product_tag?post=5207"}],"curies":[{"name":"wp","href":"https:\/\/api.w.org\/{rel}","templated":true}]}}