{"id":5205,"date":"2024-12-01T18:15:17","date_gmt":"2024-12-01T18:15:17","guid":{"rendered":"https:\/\/www.printings-n.com\/produit\/cles-usb-triangle-usbtriangle-2\/"},"modified":"2024-12-01T18:15:18","modified_gmt":"2024-12-01T18:15:18","slug":"cles-usb-triangle-usbtriangle-2","status":"publish","type":"product","link":"https:\/\/www.printings-n.com\/fr_fr\/produit\/cles-usb-triangle-usbtriangle-2\/","title":{"rendered":"Cl\u00e9s USB Triangle"},"content":{"rendered":"<p>La cl\u00e9 USB Triangle est petite et facile \u00e0 attacher \u00e0 un porte-cl\u00e9s ou \u00e0 une corde de t\u00e9l\u00e9phone. La cl\u00e9 USB est \u00e9tanche \u00e0 la poussi\u00e8re et \u00e0 l&#039;eau et peut \u00eatre personnalis\u00e9e par une impression en quadrichromie ou une gravure laser ! Plusieurs mod\u00e8les sont disponibles, jusqu&#039;\u00e0 64 Go de stockage.<\/p>\n","protected":false},"excerpt":{"rendered":"<p>La cl\u00e9 USB Triangle est petite et facile \u00e0 attacher \u00e0 un porte-cl\u00e9s ou \u00e0 une corde de t\u00e9l\u00e9phone. La cl\u00e9 USB est \u00e9tanche \u00e0 la poussi\u00e8re et \u00e0 l&#039;eau et peut \u00eatre personnalis\u00e9e par une impression en quadrichromie ou une gravure laser ! Plusieurs mod\u00e8les sont disponibles, jusqu&#039;\u00e0 64 Go de stockage.<\/p>\n","protected":false},"featured_media":5206,"comment_status":"open","ping_status":"closed","template":"","meta":[],"product_brand":[],"product_cat":[128],"product_tag":[],"class_list":{"0":"post-5205","1":"product","2":"type-product","3":"status-publish","4":"has-post-thumbnail","6":"product_cat-cles-usb","8":"first","9":"instock","10":"taxable","11":"shipping-taxable","12":"product-type-simple"},"_links":{"self":[{"href":"https:\/\/www.printings-n.com\/fr_fr\/wp-json\/wp\/v2\/product\/5205","targetHints":{"allow":["GET"]}}],"collection":[{"href":"https:\/\/www.printings-n.com\/fr_fr\/wp-json\/wp\/v2\/product"}],"about":[{"href":"https:\/\/www.printings-n.com\/fr_fr\/wp-json\/wp\/v2\/types\/product"}],"replies":[{"embeddable":true,"href":"https:\/\/www.printings-n.com\/fr_fr\/wp-json\/wp\/v2\/comments?post=5205"}],"wp:featuredmedia":[{"embeddable":true,"href":"https:\/\/www.printings-n.com\/fr_fr\/wp-json\/wp\/v2\/media\/5206"}],"wp:attachment":[{"href":"https:\/\/www.printings-n.com\/fr_fr\/wp-json\/wp\/v2\/media?parent=5205"}],"wp:term":[{"taxonomy":"product_brand","embeddable":true,"href":"https:\/\/www.printings-n.com\/fr_fr\/wp-json\/wp\/v2\/product_brand?post=5205"},{"taxonomy":"product_cat","embeddable":true,"href":"https:\/\/www.printings-n.com\/fr_fr\/wp-json\/wp\/v2\/product_cat?post=5205"},{"taxonomy":"product_tag","embeddable":true,"href":"https:\/\/www.printings-n.com\/fr_fr\/wp-json\/wp\/v2\/product_tag?post=5205"}],"curies":[{"name":"wp","href":"https:\/\/api.w.org\/{rel}","templated":true}]}}