{"id":5203,"date":"2024-12-01T18:15:14","date_gmt":"2024-12-01T18:15:14","guid":{"rendered":"https:\/\/www.printings-n.com\/produit\/cles-usb-stainless-steelkey-usbstainlesssteelkey-2\/"},"modified":"2024-12-01T18:15:15","modified_gmt":"2024-12-01T18:15:15","slug":"cles-usb-stainless-steelkey-usbstainlesssteelkey-2","status":"publish","type":"product","link":"https:\/\/www.printings-n.com\/fr_fr\/produit\/cles-usb-stainless-steelkey-usbstainlesssteelkey-2\/","title":{"rendered":"Cl\u00e9s USB Stainless Steelkey"},"content":{"rendered":"<p>Les Cl\u00e9s USB Stainless Steelkey sont chrom\u00e9es en m\u00e9tal inoxydable et sont donc tr\u00e8s solides. La puce de m\u00e9moire est r\u00e9sistante aux rayures, \u00e0 la poussi\u00e8re et est \u00e9tanche \u00e0 l&#039;eau, il n&#039;y a donc pas besoin de capuchon.<\/p>\n","protected":false},"excerpt":{"rendered":"<p>Les Cl\u00e9s USB Stainless Steelkey sont chrom\u00e9es en m\u00e9tal inoxydable et sont donc tr\u00e8s solides. La puce de m\u00e9moire est r\u00e9sistante aux rayures, \u00e0 la poussi\u00e8re et est \u00e9tanche \u00e0 l&#039;eau, il n&#039;y a donc pas besoin de capuchon.<\/p>\n","protected":false},"featured_media":5204,"comment_status":"open","ping_status":"closed","template":"","meta":[],"product_brand":[],"product_cat":[128],"product_tag":[],"class_list":{"0":"post-5203","1":"product","2":"type-product","3":"status-publish","4":"has-post-thumbnail","6":"product_cat-cles-usb","8":"first","9":"instock","10":"taxable","11":"shipping-taxable","12":"product-type-simple"},"_links":{"self":[{"href":"https:\/\/www.printings-n.com\/fr_fr\/wp-json\/wp\/v2\/product\/5203","targetHints":{"allow":["GET"]}}],"collection":[{"href":"https:\/\/www.printings-n.com\/fr_fr\/wp-json\/wp\/v2\/product"}],"about":[{"href":"https:\/\/www.printings-n.com\/fr_fr\/wp-json\/wp\/v2\/types\/product"}],"replies":[{"embeddable":true,"href":"https:\/\/www.printings-n.com\/fr_fr\/wp-json\/wp\/v2\/comments?post=5203"}],"wp:featuredmedia":[{"embeddable":true,"href":"https:\/\/www.printings-n.com\/fr_fr\/wp-json\/wp\/v2\/media\/5204"}],"wp:attachment":[{"href":"https:\/\/www.printings-n.com\/fr_fr\/wp-json\/wp\/v2\/media?parent=5203"}],"wp:term":[{"taxonomy":"product_brand","embeddable":true,"href":"https:\/\/www.printings-n.com\/fr_fr\/wp-json\/wp\/v2\/product_brand?post=5203"},{"taxonomy":"product_cat","embeddable":true,"href":"https:\/\/www.printings-n.com\/fr_fr\/wp-json\/wp\/v2\/product_cat?post=5203"},{"taxonomy":"product_tag","embeddable":true,"href":"https:\/\/www.printings-n.com\/fr_fr\/wp-json\/wp\/v2\/product_tag?post=5203"}],"curies":[{"name":"wp","href":"https:\/\/api.w.org\/{rel}","templated":true}]}}