{"id":5197,"date":"2024-12-01T18:15:03","date_gmt":"2024-12-01T18:15:03","guid":{"rendered":"https:\/\/www.printings-n.com\/produit\/cles-usb-mini-card-usbminicard-2\/"},"modified":"2024-12-01T18:15:04","modified_gmt":"2024-12-01T18:15:04","slug":"cles-usb-mini-card-usbminicard-2","status":"publish","type":"product","link":"https:\/\/www.printings-n.com\/fr_fr\/produit\/cles-usb-mini-card-usbminicard-2\/","title":{"rendered":"Cl\u00e9s USB Mini Card"},"content":{"rendered":"<p>Stockez vos documents importants de mani\u00e8re moderne et \u00e0 la mode ! La cl\u00e9 USBau format carte de cr\u00e9dit est ultra fine, et a une surface imprimable \u00e0 100 %. Les deux faces peuvent \u00eatre imprim\u00e9es avec une impression couleur de haute qualit\u00e9. Des impressions personnalis\u00e9es sont \u00e9galement possibles, car ces cl\u00e9s USB peuvent \u00eatre utilis\u00e9es comme cartes de visite !<\/p>\n","protected":false},"excerpt":{"rendered":"<p>Stockez vos documents importants de mani\u00e8re moderne et \u00e0 la mode ! La cl\u00e9 USBau format carte de cr\u00e9dit est ultra fine, et a une surface imprimable \u00e0 100 %. Les deux faces peuvent \u00eatre imprim\u00e9es avec une impression couleur de haute qualit\u00e9. Des impressions personnalis\u00e9es sont \u00e9galement possibles, car ces cl\u00e9s USB peuvent \u00eatre [&hellip;]<\/p>\n","protected":false},"featured_media":5198,"comment_status":"open","ping_status":"closed","template":"","meta":[],"product_brand":[],"product_cat":[128],"product_tag":[],"class_list":{"0":"post-5197","1":"product","2":"type-product","3":"status-publish","4":"has-post-thumbnail","6":"product_cat-cles-usb","8":"first","9":"instock","10":"taxable","11":"shipping-taxable","12":"product-type-simple"},"_links":{"self":[{"href":"https:\/\/www.printings-n.com\/fr_fr\/wp-json\/wp\/v2\/product\/5197","targetHints":{"allow":["GET"]}}],"collection":[{"href":"https:\/\/www.printings-n.com\/fr_fr\/wp-json\/wp\/v2\/product"}],"about":[{"href":"https:\/\/www.printings-n.com\/fr_fr\/wp-json\/wp\/v2\/types\/product"}],"replies":[{"embeddable":true,"href":"https:\/\/www.printings-n.com\/fr_fr\/wp-json\/wp\/v2\/comments?post=5197"}],"wp:featuredmedia":[{"embeddable":true,"href":"https:\/\/www.printings-n.com\/fr_fr\/wp-json\/wp\/v2\/media\/5198"}],"wp:attachment":[{"href":"https:\/\/www.printings-n.com\/fr_fr\/wp-json\/wp\/v2\/media?parent=5197"}],"wp:term":[{"taxonomy":"product_brand","embeddable":true,"href":"https:\/\/www.printings-n.com\/fr_fr\/wp-json\/wp\/v2\/product_brand?post=5197"},{"taxonomy":"product_cat","embeddable":true,"href":"https:\/\/www.printings-n.com\/fr_fr\/wp-json\/wp\/v2\/product_cat?post=5197"},{"taxonomy":"product_tag","embeddable":true,"href":"https:\/\/www.printings-n.com\/fr_fr\/wp-json\/wp\/v2\/product_tag?post=5197"}],"curies":[{"name":"wp","href":"https:\/\/api.w.org\/{rel}","templated":true}]}}