{"id":5193,"date":"2024-12-01T18:14:53","date_gmt":"2024-12-01T18:14:53","guid":{"rendered":"https:\/\/www.printings-n.com\/produit\/cles-usb-eco-bois-usbecowood-2\/"},"modified":"2024-12-01T18:14:54","modified_gmt":"2024-12-01T18:14:54","slug":"cles-usb-eco-bois-usbecowood-2","status":"publish","type":"product","link":"https:\/\/www.printings-n.com\/fr_fr\/produit\/cles-usb-eco-bois-usbecowood-2\/","title":{"rendered":"Cl\u00e9s USB \u00c9co-Bois"},"content":{"rendered":"<p>Les Cl\u00e9s USB \u00c9co-Bois sont faites avec un design moderne et la ressource durable qu&#039;est le bois. Le capuchon tient sur le corps USB gr\u00e2ce \u00e0 un couvercle magn\u00e9tique.<\/p>\n","protected":false},"excerpt":{"rendered":"<p>Les Cl\u00e9s USB \u00c9co-Bois sont faites avec un design moderne et la ressource durable qu&#039;est le bois. Le capuchon tient sur le corps USB gr\u00e2ce \u00e0 un couvercle magn\u00e9tique.<\/p>\n","protected":false},"featured_media":5194,"comment_status":"open","ping_status":"closed","template":"","meta":[],"product_brand":[],"product_cat":[128],"product_tag":[],"class_list":{"0":"post-5193","1":"product","2":"type-product","3":"status-publish","4":"has-post-thumbnail","6":"product_cat-cles-usb","8":"first","9":"instock","10":"taxable","11":"shipping-taxable","12":"product-type-simple"},"_links":{"self":[{"href":"https:\/\/www.printings-n.com\/fr_fr\/wp-json\/wp\/v2\/product\/5193","targetHints":{"allow":["GET"]}}],"collection":[{"href":"https:\/\/www.printings-n.com\/fr_fr\/wp-json\/wp\/v2\/product"}],"about":[{"href":"https:\/\/www.printings-n.com\/fr_fr\/wp-json\/wp\/v2\/types\/product"}],"replies":[{"embeddable":true,"href":"https:\/\/www.printings-n.com\/fr_fr\/wp-json\/wp\/v2\/comments?post=5193"}],"wp:featuredmedia":[{"embeddable":true,"href":"https:\/\/www.printings-n.com\/fr_fr\/wp-json\/wp\/v2\/media\/5194"}],"wp:attachment":[{"href":"https:\/\/www.printings-n.com\/fr_fr\/wp-json\/wp\/v2\/media?parent=5193"}],"wp:term":[{"taxonomy":"product_brand","embeddable":true,"href":"https:\/\/www.printings-n.com\/fr_fr\/wp-json\/wp\/v2\/product_brand?post=5193"},{"taxonomy":"product_cat","embeddable":true,"href":"https:\/\/www.printings-n.com\/fr_fr\/wp-json\/wp\/v2\/product_cat?post=5193"},{"taxonomy":"product_tag","embeddable":true,"href":"https:\/\/www.printings-n.com\/fr_fr\/wp-json\/wp\/v2\/product_tag?post=5193"}],"curies":[{"name":"wp","href":"https:\/\/api.w.org\/{rel}","templated":true}]}}