{"id":5191,"date":"2024-12-01T18:14:50","date_gmt":"2024-12-01T18:14:50","guid":{"rendered":"https:\/\/www.printings-n.com\/produit\/cles-usb-creditcard-usbcreditcard-2\/"},"modified":"2024-12-01T18:14:50","modified_gmt":"2024-12-01T18:14:50","slug":"cles-usb-creditcard-usbcreditcard-2","status":"publish","type":"product","link":"https:\/\/www.printings-n.com\/fr_fr\/produit\/cles-usb-creditcard-usbcreditcard-2\/","title":{"rendered":"Cl\u00e9s USB Creditcard"},"content":{"rendered":"<p>Les Cl\u00e9s USB Creditcard sont ultra-minces, peuvent \u00eatre imprim\u00e9es \u00e0 100% zone d&#039;impression et ont le format d&#039;une carte de cr\u00e9dit standard. Le recto et le verso peuvent \u00eatre imprim\u00e9s en quadri de haute qualit\u00e9. Les impressions individuelles sont \u00e9galement possibles, elles feront \u00e9galement d&#039;excellentes cartes de visite.<\/p>\n","protected":false},"excerpt":{"rendered":"<p>Les Cl\u00e9s USB Creditcard sont ultra-minces, peuvent \u00eatre imprim\u00e9es \u00e0 100% zone d&#039;impression et ont le format d&#039;une carte de cr\u00e9dit standard. Le recto et le verso peuvent \u00eatre imprim\u00e9s en quadri de haute qualit\u00e9. Les impressions individuelles sont \u00e9galement possibles, elles feront \u00e9galement d&#039;excellentes cartes de visite.<\/p>\n","protected":false},"featured_media":5192,"comment_status":"open","ping_status":"closed","template":"","meta":[],"product_brand":[],"product_cat":[128],"product_tag":[],"class_list":{"0":"post-5191","1":"product","2":"type-product","3":"status-publish","4":"has-post-thumbnail","6":"product_cat-cles-usb","8":"first","9":"instock","10":"taxable","11":"shipping-taxable","12":"product-type-simple"},"_links":{"self":[{"href":"https:\/\/www.printings-n.com\/fr_fr\/wp-json\/wp\/v2\/product\/5191","targetHints":{"allow":["GET"]}}],"collection":[{"href":"https:\/\/www.printings-n.com\/fr_fr\/wp-json\/wp\/v2\/product"}],"about":[{"href":"https:\/\/www.printings-n.com\/fr_fr\/wp-json\/wp\/v2\/types\/product"}],"replies":[{"embeddable":true,"href":"https:\/\/www.printings-n.com\/fr_fr\/wp-json\/wp\/v2\/comments?post=5191"}],"wp:featuredmedia":[{"embeddable":true,"href":"https:\/\/www.printings-n.com\/fr_fr\/wp-json\/wp\/v2\/media\/5192"}],"wp:attachment":[{"href":"https:\/\/www.printings-n.com\/fr_fr\/wp-json\/wp\/v2\/media?parent=5191"}],"wp:term":[{"taxonomy":"product_brand","embeddable":true,"href":"https:\/\/www.printings-n.com\/fr_fr\/wp-json\/wp\/v2\/product_brand?post=5191"},{"taxonomy":"product_cat","embeddable":true,"href":"https:\/\/www.printings-n.com\/fr_fr\/wp-json\/wp\/v2\/product_cat?post=5191"},{"taxonomy":"product_tag","embeddable":true,"href":"https:\/\/www.printings-n.com\/fr_fr\/wp-json\/wp\/v2\/product_tag?post=5191"}],"curies":[{"name":"wp","href":"https:\/\/api.w.org\/{rel}","templated":true}]}}