{"id":5171,"date":"2024-12-01T18:12:14","date_gmt":"2024-12-01T18:12:14","guid":{"rendered":"https:\/\/www.printings-n.com\/produit\/batteries-externes-bambou-chargeur-sans-fil-bamboo8000wirelesspowerbankwirelesschargeradioed-2\/"},"modified":"2024-12-01T18:12:15","modified_gmt":"2024-12-01T18:12:15","slug":"batteries-externes-bambou-chargeur-sans-fil-bamboo8000wirelesspowerbankwirelesschargeradioed-2","status":"publish","type":"product","link":"https:\/\/www.printings-n.com\/fr_fr\/produit\/batteries-externes-bambou-chargeur-sans-fil-bamboo8000wirelesspowerbankwirelesschargeradioed-2\/","title":{"rendered":"Batteries externes bambou + chargeur sans fil"},"content":{"rendered":"<p>Cette batterie externe sans fil en bambou est fabriqu\u00e9e \u00e0 partir de bambou naturel, avec une puissante batterie au lithium polym\u00e8re de 8000 mAh \u00e0 l&#039;int\u00e9rieur ! Dot\u00e9e de ports USB, micro USB et USB-C, aucun appareil n&#039;est laiss\u00e9 pour compte ! Les voyants lumineux ajoutent au design et indiquent le niveau de charge restant. Choisissez parmi trois zones d&#039;impression et personnalisez cette batterie avec votre logo ou design.<\/p>\n","protected":false},"excerpt":{"rendered":"<p>Cette batterie externe sans fil en bambou est fabriqu\u00e9e \u00e0 partir de bambou naturel, avec une puissante batterie au lithium polym\u00e8re de 8000 mAh \u00e0 l&#039;int\u00e9rieur ! Dot\u00e9e de ports USB, micro USB et USB-C, aucun appareil n&#039;est laiss\u00e9 pour compte ! Les voyants lumineux ajoutent au design et indiquent le niveau de charge restant. [&hellip;]<\/p>\n","protected":false},"featured_media":5172,"comment_status":"open","ping_status":"closed","template":"","meta":[],"product_brand":[],"product_cat":[127],"product_tag":[],"class_list":{"0":"post-5171","1":"product","2":"type-product","3":"status-publish","4":"has-post-thumbnail","6":"product_cat-chargeurs-et-batteries-externes","8":"first","9":"instock","10":"taxable","11":"shipping-taxable","12":"product-type-simple"},"_links":{"self":[{"href":"https:\/\/www.printings-n.com\/fr_fr\/wp-json\/wp\/v2\/product\/5171","targetHints":{"allow":["GET"]}}],"collection":[{"href":"https:\/\/www.printings-n.com\/fr_fr\/wp-json\/wp\/v2\/product"}],"about":[{"href":"https:\/\/www.printings-n.com\/fr_fr\/wp-json\/wp\/v2\/types\/product"}],"replies":[{"embeddable":true,"href":"https:\/\/www.printings-n.com\/fr_fr\/wp-json\/wp\/v2\/comments?post=5171"}],"wp:featuredmedia":[{"embeddable":true,"href":"https:\/\/www.printings-n.com\/fr_fr\/wp-json\/wp\/v2\/media\/5172"}],"wp:attachment":[{"href":"https:\/\/www.printings-n.com\/fr_fr\/wp-json\/wp\/v2\/media?parent=5171"}],"wp:term":[{"taxonomy":"product_brand","embeddable":true,"href":"https:\/\/www.printings-n.com\/fr_fr\/wp-json\/wp\/v2\/product_brand?post=5171"},{"taxonomy":"product_cat","embeddable":true,"href":"https:\/\/www.printings-n.com\/fr_fr\/wp-json\/wp\/v2\/product_cat?post=5171"},{"taxonomy":"product_tag","embeddable":true,"href":"https:\/\/www.printings-n.com\/fr_fr\/wp-json\/wp\/v2\/product_tag?post=5171"}],"curies":[{"name":"wp","href":"https:\/\/api.w.org\/{rel}","templated":true}]}}