{"id":5167,"date":"2024-12-01T18:10:15","date_gmt":"2024-12-01T18:10:15","guid":{"rendered":"https:\/\/www.printings-n.com\/produit\/chargeur-sans-fil-3-en-1-de-lontario-ontario3in1wirelesscharger-2\/"},"modified":"2024-12-01T18:10:16","modified_gmt":"2024-12-01T18:10:16","slug":"chargeur-sans-fil-3-en-1-de-lontario-ontario3in1wirelesscharger-2","status":"publish","type":"product","link":"https:\/\/www.printings-n.com\/fr_fr\/produit\/chargeur-sans-fil-3-en-1-de-lontario-ontario3in1wirelesscharger-2\/","title":{"rendered":"Chargeur sans fil 3-en-1 de l&#039;Ontario"},"content":{"rendered":"<p>Mettez de l&#039;ordre sur votre bureau et rechargez vos appareils gr\u00e2ce \u00e0 cet organisateur \u00e9cologique !&lt;br&gt;Fabriqu\u00e9 \u00e0 partir de 75 % de mat\u00e9riaux recycl\u00e9s, il vous permet de faire un geste pour la plan\u00e8te tout en alimentant vos gadgets.&lt;br&gt;Con\u00e7u avec une \u00e9l\u00e9gante zone de chargement en bambou FSC, il peut alimenter votre t\u00e9l\u00e9phone, vos \u00e9couteurs et votre montre simultan\u00e9ment. Il est parfait pour les Andro\u00efdes modernes et les iPhones 8 ou plus r\u00e9cents. De plus, il dispose de ports USB suppl\u00e9mentaires pour la recharge filaire et est livr\u00e9 avec un c\u00e2ble de type C de 120 cm tr\u00e8s pratique.&lt;br&gt;Rechargez avec style et gardez votre bureau libre de tout encombrement !<\/p>\n","protected":false},"excerpt":{"rendered":"<p>Mettez de l&#039;ordre sur votre bureau et rechargez vos appareils gr\u00e2ce \u00e0 cet organisateur \u00e9cologique !&lt;br&gt;Fabriqu\u00e9 \u00e0 partir de 75 % de mat\u00e9riaux recycl\u00e9s, il vous permet de faire un geste pour la plan\u00e8te tout en alimentant vos gadgets.&lt;br&gt;Con\u00e7u avec une \u00e9l\u00e9gante zone de chargement en bambou FSC, il peut alimenter votre t\u00e9l\u00e9phone, vos \u00e9couteurs [&hellip;]<\/p>\n","protected":false},"featured_media":5168,"comment_status":"open","ping_status":"closed","template":"","meta":[],"product_brand":[],"product_cat":[127],"product_tag":[],"class_list":{"0":"post-5167","1":"product","2":"type-product","3":"status-publish","4":"has-post-thumbnail","6":"product_cat-chargeurs-et-batteries-externes","8":"first","9":"instock","10":"taxable","11":"shipping-taxable","12":"product-type-simple"},"_links":{"self":[{"href":"https:\/\/www.printings-n.com\/fr_fr\/wp-json\/wp\/v2\/product\/5167","targetHints":{"allow":["GET"]}}],"collection":[{"href":"https:\/\/www.printings-n.com\/fr_fr\/wp-json\/wp\/v2\/product"}],"about":[{"href":"https:\/\/www.printings-n.com\/fr_fr\/wp-json\/wp\/v2\/types\/product"}],"replies":[{"embeddable":true,"href":"https:\/\/www.printings-n.com\/fr_fr\/wp-json\/wp\/v2\/comments?post=5167"}],"wp:featuredmedia":[{"embeddable":true,"href":"https:\/\/www.printings-n.com\/fr_fr\/wp-json\/wp\/v2\/media\/5168"}],"wp:attachment":[{"href":"https:\/\/www.printings-n.com\/fr_fr\/wp-json\/wp\/v2\/media?parent=5167"}],"wp:term":[{"taxonomy":"product_brand","embeddable":true,"href":"https:\/\/www.printings-n.com\/fr_fr\/wp-json\/wp\/v2\/product_brand?post=5167"},{"taxonomy":"product_cat","embeddable":true,"href":"https:\/\/www.printings-n.com\/fr_fr\/wp-json\/wp\/v2\/product_cat?post=5167"},{"taxonomy":"product_tag","embeddable":true,"href":"https:\/\/www.printings-n.com\/fr_fr\/wp-json\/wp\/v2\/product_tag?post=5167"}],"curies":[{"name":"wp","href":"https:\/\/api.w.org\/{rel}","templated":true}]}}