{"id":5165,"date":"2024-12-01T18:10:11","date_gmt":"2024-12-01T18:10:11","guid":{"rendered":"https:\/\/www.printings-n.com\/produit\/chargeurs-sans-fil-en-bamboo-10w-bamboo10wwirelesschargerwirelessfastcharger-2\/"},"modified":"2024-12-01T18:10:12","modified_gmt":"2024-12-01T18:10:12","slug":"chargeurs-sans-fil-en-bamboo-10w-bamboo10wwirelesschargerwirelessfastcharger-2","status":"publish","type":"product","link":"https:\/\/www.printings-n.com\/fr_fr\/produit\/chargeurs-sans-fil-en-bamboo-10w-bamboo10wwirelesschargerwirelessfastcharger-2\/","title":{"rendered":"Chargeurs sans fil en bamboo 10W"},"content":{"rendered":"<p>Ce chargeur sans fil en bambou 10W est non seulement pratique, mais il est \u00e9galement fabriqu\u00e9 en bambou \u00e9cologique. Ce produit est parfait comme cadeau pour vos employ\u00e9s, votre famille ou vos amis. Il est compatible avec tous les t\u00e9l\u00e9phones mobiles qui supportent la charge sans fil QI. Qu&#039;est-ce que vous attendez ? Qui n&#039;aurait pas besoin de ce chargeur ?<\/p>\n","protected":false},"excerpt":{"rendered":"<p>Ce chargeur sans fil en bambou 10W est non seulement pratique, mais il est \u00e9galement fabriqu\u00e9 en bambou \u00e9cologique. Ce produit est parfait comme cadeau pour vos employ\u00e9s, votre famille ou vos amis. Il est compatible avec tous les t\u00e9l\u00e9phones mobiles qui supportent la charge sans fil QI. Qu&#039;est-ce que vous attendez ? Qui n&#039;aurait [&hellip;]<\/p>\n","protected":false},"featured_media":5166,"comment_status":"open","ping_status":"closed","template":"","meta":[],"product_brand":[],"product_cat":[127],"product_tag":[],"class_list":{"0":"post-5165","1":"product","2":"type-product","3":"status-publish","4":"has-post-thumbnail","6":"product_cat-chargeurs-et-batteries-externes","8":"first","9":"instock","10":"taxable","11":"shipping-taxable","12":"product-type-simple"},"_links":{"self":[{"href":"https:\/\/www.printings-n.com\/fr_fr\/wp-json\/wp\/v2\/product\/5165","targetHints":{"allow":["GET"]}}],"collection":[{"href":"https:\/\/www.printings-n.com\/fr_fr\/wp-json\/wp\/v2\/product"}],"about":[{"href":"https:\/\/www.printings-n.com\/fr_fr\/wp-json\/wp\/v2\/types\/product"}],"replies":[{"embeddable":true,"href":"https:\/\/www.printings-n.com\/fr_fr\/wp-json\/wp\/v2\/comments?post=5165"}],"wp:featuredmedia":[{"embeddable":true,"href":"https:\/\/www.printings-n.com\/fr_fr\/wp-json\/wp\/v2\/media\/5166"}],"wp:attachment":[{"href":"https:\/\/www.printings-n.com\/fr_fr\/wp-json\/wp\/v2\/media?parent=5165"}],"wp:term":[{"taxonomy":"product_brand","embeddable":true,"href":"https:\/\/www.printings-n.com\/fr_fr\/wp-json\/wp\/v2\/product_brand?post=5165"},{"taxonomy":"product_cat","embeddable":true,"href":"https:\/\/www.printings-n.com\/fr_fr\/wp-json\/wp\/v2\/product_cat?post=5165"},{"taxonomy":"product_tag","embeddable":true,"href":"https:\/\/www.printings-n.com\/fr_fr\/wp-json\/wp\/v2\/product_tag?post=5165"}],"curies":[{"name":"wp","href":"https:\/\/api.w.org\/{rel}","templated":true}]}}