{"id":5163,"date":"2024-12-01T18:10:07","date_gmt":"2024-12-01T18:10:07","guid":{"rendered":"https:\/\/www.printings-n.com\/produit\/chargeur-sans-fil-abs-5w-freal5wwirelesschargingpad-2\/"},"modified":"2024-12-01T18:10:08","modified_gmt":"2024-12-01T18:10:08","slug":"chargeur-sans-fil-abs-5w-freal5wwirelesschargingpad-2","status":"publish","type":"product","link":"https:\/\/www.printings-n.com\/fr_fr\/produit\/chargeur-sans-fil-abs-5w-freal5wwirelesschargingpad-2\/","title":{"rendered":"Chargeur sans fil ABS 5W"},"content":{"rendered":"<p>Chargez votre smartphone sans fil avec Chargeur sans fil ABS 5W ! Compatible avec tous les appareils mobiles prenant en charge le chargement sans fil QI, tels que la derni\u00e8re g\u00e9n\u00e9ration de t\u00e9l\u00e9phones Android, iPhone 8 et versions ult\u00e9rieures. Pour charger un mod\u00e8le d&#039;iPhone dot\u00e9 d&#039;une technologie sans fil plus ancienne que l&#039;iPhone 8, un r\u00e9cepteur de charge sans fil externe ou un bo\u00eetier de r\u00e9cepteur est requis. Prend en charge le chargement sans fil jusqu&#039;\u00e0 1A. Personnalisez-le avec votre logo et offrez-le \u00e0 vos coll\u00e8gues et clients !<\/p>\n","protected":false},"excerpt":{"rendered":"<p>Chargez votre smartphone sans fil avec Chargeur sans fil ABS 5W ! Compatible avec tous les appareils mobiles prenant en charge le chargement sans fil QI, tels que la derni\u00e8re g\u00e9n\u00e9ration de t\u00e9l\u00e9phones Android, iPhone 8 et versions ult\u00e9rieures. Pour charger un mod\u00e8le d&#039;iPhone dot\u00e9 d&#039;une technologie sans fil plus ancienne que l&#039;iPhone 8, un [&hellip;]<\/p>\n","protected":false},"featured_media":5164,"comment_status":"open","ping_status":"closed","template":"","meta":[],"product_brand":[],"product_cat":[127],"product_tag":[],"class_list":{"0":"post-5163","1":"product","2":"type-product","3":"status-publish","4":"has-post-thumbnail","6":"product_cat-chargeurs-et-batteries-externes","8":"first","9":"instock","10":"taxable","11":"shipping-taxable","12":"product-type-simple"},"_links":{"self":[{"href":"https:\/\/www.printings-n.com\/fr_fr\/wp-json\/wp\/v2\/product\/5163","targetHints":{"allow":["GET"]}}],"collection":[{"href":"https:\/\/www.printings-n.com\/fr_fr\/wp-json\/wp\/v2\/product"}],"about":[{"href":"https:\/\/www.printings-n.com\/fr_fr\/wp-json\/wp\/v2\/types\/product"}],"replies":[{"embeddable":true,"href":"https:\/\/www.printings-n.com\/fr_fr\/wp-json\/wp\/v2\/comments?post=5163"}],"wp:featuredmedia":[{"embeddable":true,"href":"https:\/\/www.printings-n.com\/fr_fr\/wp-json\/wp\/v2\/media\/5164"}],"wp:attachment":[{"href":"https:\/\/www.printings-n.com\/fr_fr\/wp-json\/wp\/v2\/media?parent=5163"}],"wp:term":[{"taxonomy":"product_brand","embeddable":true,"href":"https:\/\/www.printings-n.com\/fr_fr\/wp-json\/wp\/v2\/product_brand?post=5163"},{"taxonomy":"product_cat","embeddable":true,"href":"https:\/\/www.printings-n.com\/fr_fr\/wp-json\/wp\/v2\/product_cat?post=5163"},{"taxonomy":"product_tag","embeddable":true,"href":"https:\/\/www.printings-n.com\/fr_fr\/wp-json\/wp\/v2\/product_tag?post=5163"}],"curies":[{"name":"wp","href":"https:\/\/api.w.org\/{rel}","templated":true}]}}