{"id":5159,"date":"2024-12-01T18:08:09","date_gmt":"2024-12-01T18:08:09","guid":{"rendered":"https:\/\/www.printings-n.com\/produit\/panneau-magnetique-magneticsigns-2\/"},"modified":"2024-12-01T18:08:10","modified_gmt":"2024-12-01T18:08:10","slug":"panneau-magnetique-magneticsigns-2","status":"publish","type":"product","link":"https:\/\/www.printings-n.com\/fr_fr\/produit\/panneau-magnetique-magneticsigns-2\/","title":{"rendered":"Panneau magn\u00e9tique"},"content":{"rendered":"<p>Gr\u00e2ce au panneau magn\u00e9tique personnalis\u00e9, votre message ne passera pas inaper\u00e7u ! Parfaits pour toute une gamme d&#039;activit\u00e9s marketing, ces panneaux sont attrayants, polyvalents et informatifs. R\u00e9sistants \u00e0 l&#039;eau et parfaits pour une utilisation de courte dur\u00e9e, collez votre logo ou la marque de votre entreprise sur votre voiture ou votre camionnette et augmentez votre visibilit\u00e9 !<\/p>\n","protected":false},"excerpt":{"rendered":"<p>Gr\u00e2ce au panneau magn\u00e9tique personnalis\u00e9, votre message ne passera pas inaper\u00e7u ! Parfaits pour toute une gamme d&#039;activit\u00e9s marketing, ces panneaux sont attrayants, polyvalents et informatifs. R\u00e9sistants \u00e0 l&#039;eau et parfaits pour une utilisation de courte dur\u00e9e, collez votre logo ou la marque de votre entreprise sur votre voiture ou votre camionnette et augmentez votre [&hellip;]<\/p>\n","protected":false},"featured_media":5160,"comment_status":"open","ping_status":"closed","template":"","meta":[],"product_brand":[],"product_cat":[125],"product_tag":[],"class_list":{"0":"post-5159","1":"product","2":"type-product","3":"status-publish","4":"has-post-thumbnail","6":"product_cat-stands-et-enseignes","8":"first","9":"instock","10":"taxable","11":"shipping-taxable","12":"product-type-simple"},"_links":{"self":[{"href":"https:\/\/www.printings-n.com\/fr_fr\/wp-json\/wp\/v2\/product\/5159","targetHints":{"allow":["GET"]}}],"collection":[{"href":"https:\/\/www.printings-n.com\/fr_fr\/wp-json\/wp\/v2\/product"}],"about":[{"href":"https:\/\/www.printings-n.com\/fr_fr\/wp-json\/wp\/v2\/types\/product"}],"replies":[{"embeddable":true,"href":"https:\/\/www.printings-n.com\/fr_fr\/wp-json\/wp\/v2\/comments?post=5159"}],"wp:featuredmedia":[{"embeddable":true,"href":"https:\/\/www.printings-n.com\/fr_fr\/wp-json\/wp\/v2\/media\/5160"}],"wp:attachment":[{"href":"https:\/\/www.printings-n.com\/fr_fr\/wp-json\/wp\/v2\/media?parent=5159"}],"wp:term":[{"taxonomy":"product_brand","embeddable":true,"href":"https:\/\/www.printings-n.com\/fr_fr\/wp-json\/wp\/v2\/product_brand?post=5159"},{"taxonomy":"product_cat","embeddable":true,"href":"https:\/\/www.printings-n.com\/fr_fr\/wp-json\/wp\/v2\/product_cat?post=5159"},{"taxonomy":"product_tag","embeddable":true,"href":"https:\/\/www.printings-n.com\/fr_fr\/wp-json\/wp\/v2\/product_tag?post=5159"}],"curies":[{"name":"wp","href":"https:\/\/api.w.org\/{rel}","templated":true}]}}