{"id":5157,"date":"2024-12-01T18:08:04","date_gmt":"2024-12-01T18:08:04","guid":{"rendered":"https:\/\/www.printings-n.com\/produit\/stop-trottoirs-base-eau-watertank-2\/"},"modified":"2024-12-01T18:08:05","modified_gmt":"2024-12-01T18:08:05","slug":"stop-trottoirs-base-eau-watertank-2","status":"publish","type":"product","link":"https:\/\/www.printings-n.com\/fr_fr\/produit\/stop-trottoirs-base-eau-watertank-2\/","title":{"rendered":"Stop-trottoirs base eau"},"content":{"rendered":"<p>Soyez cr\u00e9atif avec ces stop-trottoirs r\u00e9sistants et assurez-vous que votre message soit visible en ext\u00e9rieur. La base \u00e0 eau assure la stabilit\u00e9 et contient des roues qui permettent de la d\u00e9placer facilement. Vous pouvez personnaliser et placer des affiches pour affichez vos promotions, offres ou services. Le stop-trottoir double face vous permettra de gagner en visibilit\u00e9 des deux c\u00f4t\u00e9s de la rue.<br \/>\n&lt;br&gt;&lt;br&gt;<br \/>\nNote: Ce produit est livr\u00e9 sans &lt;a href=https:\/\/connect.helloprint.fr\/affiches&gt; affiches&lt;\/a&gt;. Elles doivent \u00eatre command\u00e9es s\u00e9par\u00e9ment. Comme il y a une plaque au milieu de l&#039;enseigne, une affiche recto-verso ne sera pas visible des deux c\u00f4t\u00e9s. Commandez plut\u00f4t deux affiches s\u00e9par\u00e9es. Ce produit n&#039;est pas 100% waterproof.<\/p>\n","protected":false},"excerpt":{"rendered":"<p>Soyez cr\u00e9atif avec ces stop-trottoirs r\u00e9sistants et assurez-vous que votre message soit visible en ext\u00e9rieur. La base \u00e0 eau assure la stabilit\u00e9 et contient des roues qui permettent de la d\u00e9placer facilement. Vous pouvez personnaliser et placer des affiches pour affichez vos promotions, offres ou services. Le stop-trottoir double face vous permettra de gagner en [&hellip;]<\/p>\n","protected":false},"featured_media":5158,"comment_status":"open","ping_status":"closed","template":"","meta":[],"product_brand":[],"product_cat":[125],"product_tag":[],"class_list":{"0":"post-5157","1":"product","2":"type-product","3":"status-publish","4":"has-post-thumbnail","6":"product_cat-stands-et-enseignes","8":"first","9":"instock","10":"taxable","11":"shipping-taxable","12":"product-type-simple"},"_links":{"self":[{"href":"https:\/\/www.printings-n.com\/fr_fr\/wp-json\/wp\/v2\/product\/5157","targetHints":{"allow":["GET"]}}],"collection":[{"href":"https:\/\/www.printings-n.com\/fr_fr\/wp-json\/wp\/v2\/product"}],"about":[{"href":"https:\/\/www.printings-n.com\/fr_fr\/wp-json\/wp\/v2\/types\/product"}],"replies":[{"embeddable":true,"href":"https:\/\/www.printings-n.com\/fr_fr\/wp-json\/wp\/v2\/comments?post=5157"}],"wp:featuredmedia":[{"embeddable":true,"href":"https:\/\/www.printings-n.com\/fr_fr\/wp-json\/wp\/v2\/media\/5158"}],"wp:attachment":[{"href":"https:\/\/www.printings-n.com\/fr_fr\/wp-json\/wp\/v2\/media?parent=5157"}],"wp:term":[{"taxonomy":"product_brand","embeddable":true,"href":"https:\/\/www.printings-n.com\/fr_fr\/wp-json\/wp\/v2\/product_brand?post=5157"},{"taxonomy":"product_cat","embeddable":true,"href":"https:\/\/www.printings-n.com\/fr_fr\/wp-json\/wp\/v2\/product_cat?post=5157"},{"taxonomy":"product_tag","embeddable":true,"href":"https:\/\/www.printings-n.com\/fr_fr\/wp-json\/wp\/v2\/product_tag?post=5157"}],"curies":[{"name":"wp","href":"https:\/\/api.w.org\/{rel}","templated":true}]}}