{"id":5151,"date":"2024-12-01T18:06:43","date_gmt":"2024-12-01T18:06:43","guid":{"rendered":"https:\/\/www.printings-n.com\/produit\/stands-dexpo-tubes-tubestand-2\/"},"modified":"2024-12-01T18:06:43","modified_gmt":"2024-12-01T18:06:43","slug":"stands-dexpo-tubes-tubestand-2","status":"publish","type":"product","link":"https:\/\/www.printings-n.com\/fr_fr\/produit\/stands-dexpo-tubes-tubestand-2\/","title":{"rendered":"Stands d&#039;expo tubes"},"content":{"rendered":"<p>Le stand d&#039;expo tube sera bient\u00f4t indispensable \u00e0 la r\u00e9ussite de vos salons et \u00e9v\u00e9nements ! En effet, gr\u00e2ce \u00e0 son extraordinaire facilement de montage, sans avoir besoin d&#039;outils, vous obtenez un espace v\u00e9ritablement personnalis\u00e9 en seulement quelques instants. Avec son impression durable aux couleurs de votre entreprise le tout sur une toile stretch en polyester lavable \u00e0 30\u00baC vous \u00eates assur\u00e9s de vous offrir une image professionnelle pour longtemps. R\u00e9utilisable \u00e0 l&#039;infini, le stand d&#039;expo tube est celui qu&#039;il vous faut !<\/p>\n","protected":false},"excerpt":{"rendered":"<p>Le stand d&#039;expo tube sera bient\u00f4t indispensable \u00e0 la r\u00e9ussite de vos salons et \u00e9v\u00e9nements ! En effet, gr\u00e2ce \u00e0 son extraordinaire facilement de montage, sans avoir besoin d&#039;outils, vous obtenez un espace v\u00e9ritablement personnalis\u00e9 en seulement quelques instants. Avec son impression durable aux couleurs de votre entreprise le tout sur une toile stretch en [&hellip;]<\/p>\n","protected":false},"featured_media":5152,"comment_status":"open","ping_status":"closed","template":"","meta":[],"product_brand":[],"product_cat":[125],"product_tag":[],"class_list":{"0":"post-5151","1":"product","2":"type-product","3":"status-publish","4":"has-post-thumbnail","6":"product_cat-stands-et-enseignes","8":"first","9":"instock","10":"taxable","11":"shipping-taxable","12":"product-type-simple"},"_links":{"self":[{"href":"https:\/\/www.printings-n.com\/fr_fr\/wp-json\/wp\/v2\/product\/5151","targetHints":{"allow":["GET"]}}],"collection":[{"href":"https:\/\/www.printings-n.com\/fr_fr\/wp-json\/wp\/v2\/product"}],"about":[{"href":"https:\/\/www.printings-n.com\/fr_fr\/wp-json\/wp\/v2\/types\/product"}],"replies":[{"embeddable":true,"href":"https:\/\/www.printings-n.com\/fr_fr\/wp-json\/wp\/v2\/comments?post=5151"}],"wp:featuredmedia":[{"embeddable":true,"href":"https:\/\/www.printings-n.com\/fr_fr\/wp-json\/wp\/v2\/media\/5152"}],"wp:attachment":[{"href":"https:\/\/www.printings-n.com\/fr_fr\/wp-json\/wp\/v2\/media?parent=5151"}],"wp:term":[{"taxonomy":"product_brand","embeddable":true,"href":"https:\/\/www.printings-n.com\/fr_fr\/wp-json\/wp\/v2\/product_brand?post=5151"},{"taxonomy":"product_cat","embeddable":true,"href":"https:\/\/www.printings-n.com\/fr_fr\/wp-json\/wp\/v2\/product_cat?post=5151"},{"taxonomy":"product_tag","embeddable":true,"href":"https:\/\/www.printings-n.com\/fr_fr\/wp-json\/wp\/v2\/product_tag?post=5151"}],"curies":[{"name":"wp","href":"https:\/\/api.w.org\/{rel}","templated":true}]}}