{"id":5144,"date":"2024-12-01T18:06:37","date_gmt":"2024-12-01T18:06:37","guid":{"rendered":"https:\/\/www.printings-n.com\/produit\/stands-parapluies-led-leddisplay-2\/"},"modified":"2024-12-01T18:06:38","modified_gmt":"2024-12-01T18:06:38","slug":"stands-parapluies-led-leddisplay-2","status":"publish","type":"product","link":"https:\/\/www.printings-n.com\/fr_fr\/produit\/stands-parapluies-led-leddisplay-2\/","title":{"rendered":"Stands parapluies LED"},"content":{"rendered":"<p>Vous souhaitez avoir votre stand lors d&#039;un prochain salon ? Vous n&#039;avez pas seulement d&#039;imprimer votre visuel, vous devez impressioner ! Avec les nouveaux stands LED vous pouvez vraiment vous d\u00e9marquer et gagnez en visibilit\u00e9. La structure en aluminium blanc est l\u00e9g\u00e8re et facile \u00e0 assembler. La partie LED est livr\u00e9e avec des roulettes pour vous aider \u00e0 porter votre stand d&#039;un salon \u00e0 un autre !<\/p>\n","protected":false},"excerpt":{"rendered":"<p>Vous souhaitez avoir votre stand lors d&#039;un prochain salon ? Vous n&#039;avez pas seulement d&#039;imprimer votre visuel, vous devez impressioner ! Avec les nouveaux stands LED vous pouvez vraiment vous d\u00e9marquer et gagnez en visibilit\u00e9. La structure en aluminium blanc est l\u00e9g\u00e8re et facile \u00e0 assembler. La partie LED est livr\u00e9e avec des roulettes pour [&hellip;]<\/p>\n","protected":false},"featured_media":5145,"comment_status":"open","ping_status":"closed","template":"","meta":[],"product_brand":[],"product_cat":[125],"product_tag":[],"class_list":{"0":"post-5144","1":"product","2":"type-product","3":"status-publish","4":"has-post-thumbnail","6":"product_cat-stands-et-enseignes","8":"first","9":"instock","10":"taxable","11":"shipping-taxable","12":"product-type-simple"},"_links":{"self":[{"href":"https:\/\/www.printings-n.com\/fr_fr\/wp-json\/wp\/v2\/product\/5144","targetHints":{"allow":["GET"]}}],"collection":[{"href":"https:\/\/www.printings-n.com\/fr_fr\/wp-json\/wp\/v2\/product"}],"about":[{"href":"https:\/\/www.printings-n.com\/fr_fr\/wp-json\/wp\/v2\/types\/product"}],"replies":[{"embeddable":true,"href":"https:\/\/www.printings-n.com\/fr_fr\/wp-json\/wp\/v2\/comments?post=5144"}],"wp:featuredmedia":[{"embeddable":true,"href":"https:\/\/www.printings-n.com\/fr_fr\/wp-json\/wp\/v2\/media\/5145"}],"wp:attachment":[{"href":"https:\/\/www.printings-n.com\/fr_fr\/wp-json\/wp\/v2\/media?parent=5144"}],"wp:term":[{"taxonomy":"product_brand","embeddable":true,"href":"https:\/\/www.printings-n.com\/fr_fr\/wp-json\/wp\/v2\/product_brand?post=5144"},{"taxonomy":"product_cat","embeddable":true,"href":"https:\/\/www.printings-n.com\/fr_fr\/wp-json\/wp\/v2\/product_cat?post=5144"},{"taxonomy":"product_tag","embeddable":true,"href":"https:\/\/www.printings-n.com\/fr_fr\/wp-json\/wp\/v2\/product_tag?post=5144"}],"curies":[{"name":"wp","href":"https:\/\/api.w.org\/{rel}","templated":true}]}}