{"id":5142,"date":"2024-12-01T18:06:32","date_gmt":"2024-12-01T18:06:32","guid":{"rendered":"https:\/\/www.printings-n.com\/produit\/stands-parapluies-courbes-curvedpopupwall-2\/"},"modified":"2024-12-01T18:06:33","modified_gmt":"2024-12-01T18:06:33","slug":"stands-parapluies-courbes-curvedpopupwall-2","status":"publish","type":"product","link":"https:\/\/www.printings-n.com\/fr_fr\/produit\/stands-parapluies-courbes-curvedpopupwall-2\/","title":{"rendered":"Stands parapluies courbes"},"content":{"rendered":"<p>Cr\u00e9ez une puissante toile de fond pour votre marque avec cet \u00e9l\u00e9gant stand parapluie courb\u00e9 ! Notre banni\u00e8re d&#039;impact courb\u00e9e a un fort impact \u00e0 un faible co\u00fbt. Facile et rapide \u00e0 assembler, le stand est solide, durable, et pr\u00eat \u00e0 \u00eatre utilis\u00e9 \u00e0 plusieurs reprises ! Emportez-le avec vous lors de vos \u00e9v\u00e9nements gr\u00e2ce \u00e0 son sac de transport pratique et faites-vous remarquer.<br \/>\n&lt;br&gt;&lt;br&gt;<br \/>\nNote: Votre impression sera livr\u00e9e en 6 pi\u00e8ces faciles con\u00e7ues pour s&#039;adapter parfaitement \u00e0 la structure \u00e0 l&#039;aide de bandes magn\u00e9tiques int\u00e9gr\u00e9es. Les bandes sont fix\u00e9es au dos du mat\u00e9riau de la toile, ce qui facilite l&#039;installation ! &lt;br&gt;&lt;br&gt;<br \/>\nSouhaitez-vous commander uniquement une toile ? Veuillez contacter notre \u00e9quipe de service client\u00e8le par chat. N&#039;oubliez pas de nous fournir les dimensions de votre ancien cadre afin que nous puissions l&#039;int\u00e9grer \u00e0 votre commande. <\/p>\n","protected":false},"excerpt":{"rendered":"<p>Cr\u00e9ez une puissante toile de fond pour votre marque avec cet \u00e9l\u00e9gant stand parapluie courb\u00e9 ! Notre banni\u00e8re d&#039;impact courb\u00e9e a un fort impact \u00e0 un faible co\u00fbt. Facile et rapide \u00e0 assembler, le stand est solide, durable, et pr\u00eat \u00e0 \u00eatre utilis\u00e9 \u00e0 plusieurs reprises ! Emportez-le avec vous lors de vos \u00e9v\u00e9nements gr\u00e2ce [&hellip;]<\/p>\n","protected":false},"featured_media":5143,"comment_status":"open","ping_status":"closed","template":"","meta":[],"product_brand":[],"product_cat":[125],"product_tag":[],"class_list":{"0":"post-5142","1":"product","2":"type-product","3":"status-publish","4":"has-post-thumbnail","6":"product_cat-stands-et-enseignes","8":"first","9":"instock","10":"taxable","11":"shipping-taxable","12":"product-type-simple"},"_links":{"self":[{"href":"https:\/\/www.printings-n.com\/fr_fr\/wp-json\/wp\/v2\/product\/5142","targetHints":{"allow":["GET"]}}],"collection":[{"href":"https:\/\/www.printings-n.com\/fr_fr\/wp-json\/wp\/v2\/product"}],"about":[{"href":"https:\/\/www.printings-n.com\/fr_fr\/wp-json\/wp\/v2\/types\/product"}],"replies":[{"embeddable":true,"href":"https:\/\/www.printings-n.com\/fr_fr\/wp-json\/wp\/v2\/comments?post=5142"}],"wp:featuredmedia":[{"embeddable":true,"href":"https:\/\/www.printings-n.com\/fr_fr\/wp-json\/wp\/v2\/media\/5143"}],"wp:attachment":[{"href":"https:\/\/www.printings-n.com\/fr_fr\/wp-json\/wp\/v2\/media?parent=5142"}],"wp:term":[{"taxonomy":"product_brand","embeddable":true,"href":"https:\/\/www.printings-n.com\/fr_fr\/wp-json\/wp\/v2\/product_brand?post=5142"},{"taxonomy":"product_cat","embeddable":true,"href":"https:\/\/www.printings-n.com\/fr_fr\/wp-json\/wp\/v2\/product_cat?post=5142"},{"taxonomy":"product_tag","embeddable":true,"href":"https:\/\/www.printings-n.com\/fr_fr\/wp-json\/wp\/v2\/product_tag?post=5142"}],"curies":[{"name":"wp","href":"https:\/\/api.w.org\/{rel}","templated":true}]}}