{"id":5140,"date":"2024-12-01T18:06:28","date_gmt":"2024-12-01T18:06:28","guid":{"rendered":"https:\/\/www.printings-n.com\/produit\/murs-zip-incurves-curvedzippedwall-2\/"},"modified":"2024-12-01T18:06:29","modified_gmt":"2024-12-01T18:06:29","slug":"murs-zip-incurves-curvedzippedwall-2","status":"publish","type":"product","link":"https:\/\/www.printings-n.com\/fr_fr\/produit\/murs-zip-incurves-curvedzippedwall-2\/","title":{"rendered":"Murs zip incurv\u00e9s"},"content":{"rendered":"<p>Vous souhaitez afficher votre identit\u00e9 lors d&#039;un salon gr\u00e2ce \u00e0 un stand attrayant, l\u00e9ger et facile \u00e0 transporter ? Le mur zip incurv\u00e9 est fait pour vous ! Ce mur imprim\u00e9 est extr\u00eament facile \u00e0 installer et vous permet de gagner du temps lors de vos d\u00e9placements, en moins de 15 minutes vous \u00eates pr\u00eats ! Le mat\u00e9riau est \u00e9galement pliable sans laisser de plis. De plus, gr\u00e2ce \u00e0 son sac de transport inclus, vous \u00eates assur\u00e9s de toujours pouvoir le transporter o\u00f9 que vous alliez. &lt;br&gt;&lt;br&gt;<br \/>\nNote: Souhaitez-vous commander uniquement une toile ? Veuillez contacter notre \u00e9quipe de service client\u00e8le par chat. N&#039;oubliez pas de nous fournir les dimensions de votre ancien cadre afin que nous puissions l&#039;int\u00e9grer \u00e0 votre commande. <\/p>\n","protected":false},"excerpt":{"rendered":"<p>Vous souhaitez afficher votre identit\u00e9 lors d&#039;un salon gr\u00e2ce \u00e0 un stand attrayant, l\u00e9ger et facile \u00e0 transporter ? Le mur zip incurv\u00e9 est fait pour vous ! Ce mur imprim\u00e9 est extr\u00eament facile \u00e0 installer et vous permet de gagner du temps lors de vos d\u00e9placements, en moins de 15 minutes vous \u00eates pr\u00eats [&hellip;]<\/p>\n","protected":false},"featured_media":5141,"comment_status":"open","ping_status":"closed","template":"","meta":[],"product_brand":[],"product_cat":[125],"product_tag":[],"class_list":{"0":"post-5140","1":"product","2":"type-product","3":"status-publish","4":"has-post-thumbnail","6":"product_cat-stands-et-enseignes","8":"first","9":"instock","10":"taxable","11":"shipping-taxable","12":"product-type-simple"},"_links":{"self":[{"href":"https:\/\/www.printings-n.com\/fr_fr\/wp-json\/wp\/v2\/product\/5140","targetHints":{"allow":["GET"]}}],"collection":[{"href":"https:\/\/www.printings-n.com\/fr_fr\/wp-json\/wp\/v2\/product"}],"about":[{"href":"https:\/\/www.printings-n.com\/fr_fr\/wp-json\/wp\/v2\/types\/product"}],"replies":[{"embeddable":true,"href":"https:\/\/www.printings-n.com\/fr_fr\/wp-json\/wp\/v2\/comments?post=5140"}],"wp:featuredmedia":[{"embeddable":true,"href":"https:\/\/www.printings-n.com\/fr_fr\/wp-json\/wp\/v2\/media\/5141"}],"wp:attachment":[{"href":"https:\/\/www.printings-n.com\/fr_fr\/wp-json\/wp\/v2\/media?parent=5140"}],"wp:term":[{"taxonomy":"product_brand","embeddable":true,"href":"https:\/\/www.printings-n.com\/fr_fr\/wp-json\/wp\/v2\/product_brand?post=5140"},{"taxonomy":"product_cat","embeddable":true,"href":"https:\/\/www.printings-n.com\/fr_fr\/wp-json\/wp\/v2\/product_cat?post=5140"},{"taxonomy":"product_tag","embeddable":true,"href":"https:\/\/www.printings-n.com\/fr_fr\/wp-json\/wp\/v2\/product_tag?post=5140"}],"curies":[{"name":"wp","href":"https:\/\/api.w.org\/{rel}","templated":true}]}}