{"id":5138,"date":"2024-12-01T18:00:07","date_gmt":"2024-12-01T18:00:07","guid":{"rendered":"https:\/\/www.printings-n.com\/produit\/x-banners-xbanners\/"},"modified":"2024-12-01T18:00:08","modified_gmt":"2024-12-01T18:00:08","slug":"x-banners-xbanners","status":"publish","type":"product","link":"https:\/\/www.printings-n.com\/fr_fr\/produit\/x-banners-xbanners\/","title":{"rendered":"X-banners"},"content":{"rendered":"<p>Car les kakemonos X-banners sont tr\u00e8s attrayants pour vos r\u00e9unions d&#039;affaires et vos pr\u00e9sentations, ils deviendront bient\u00f4t l&#039;\u00e9l\u00e9ment phare de vos \u00e9v\u00e8nements. Simples \u00e0 transporter et \u00e0 installer, ils pourront vous accompagner lors de tous vos d\u00e9placements. Ils apporteront aussi une superbe touche \u00e0 la devanture d&#039;un magasin. Chez [site_name], vous pouvez cr\u00e9er vos propres X-banners en quelques minutes seulement !<\/p>\n","protected":false},"excerpt":{"rendered":"<p>Car les kakemonos X-banners sont tr\u00e8s attrayants pour vos r\u00e9unions d&#039;affaires et vos pr\u00e9sentations, ils deviendront bient\u00f4t l&#039;\u00e9l\u00e9ment phare de vos \u00e9v\u00e8nements. Simples \u00e0 transporter et \u00e0 installer, ils pourront vous accompagner lors de tous vos d\u00e9placements. Ils apporteront aussi une superbe touche \u00e0 la devanture d&#039;un magasin. Chez [site_name], vous pouvez cr\u00e9er vos propres [&hellip;]<\/p>\n","protected":false},"featured_media":5139,"comment_status":"open","ping_status":"closed","template":"","meta":[],"product_brand":[],"product_cat":[124],"product_tag":[],"class_list":{"0":"post-5138","1":"product","2":"type-product","3":"status-publish","4":"has-post-thumbnail","6":"product_cat-bannieres","8":"first","9":"instock","10":"taxable","11":"shipping-taxable","12":"product-type-simple"},"_links":{"self":[{"href":"https:\/\/www.printings-n.com\/fr_fr\/wp-json\/wp\/v2\/product\/5138","targetHints":{"allow":["GET"]}}],"collection":[{"href":"https:\/\/www.printings-n.com\/fr_fr\/wp-json\/wp\/v2\/product"}],"about":[{"href":"https:\/\/www.printings-n.com\/fr_fr\/wp-json\/wp\/v2\/types\/product"}],"replies":[{"embeddable":true,"href":"https:\/\/www.printings-n.com\/fr_fr\/wp-json\/wp\/v2\/comments?post=5138"}],"wp:featuredmedia":[{"embeddable":true,"href":"https:\/\/www.printings-n.com\/fr_fr\/wp-json\/wp\/v2\/media\/5139"}],"wp:attachment":[{"href":"https:\/\/www.printings-n.com\/fr_fr\/wp-json\/wp\/v2\/media?parent=5138"}],"wp:term":[{"taxonomy":"product_brand","embeddable":true,"href":"https:\/\/www.printings-n.com\/fr_fr\/wp-json\/wp\/v2\/product_brand?post=5138"},{"taxonomy":"product_cat","embeddable":true,"href":"https:\/\/www.printings-n.com\/fr_fr\/wp-json\/wp\/v2\/product_cat?post=5138"},{"taxonomy":"product_tag","embeddable":true,"href":"https:\/\/www.printings-n.com\/fr_fr\/wp-json\/wp\/v2\/product_tag?post=5138"}],"curies":[{"name":"wp","href":"https:\/\/api.w.org\/{rel}","templated":true}]}}