{"id":5135,"date":"2024-12-01T18:00:06","date_gmt":"2024-12-01T18:00:06","guid":{"rendered":"https:\/\/www.printings-n.com\/produit\/mini-kakemono-roll-up-minirollupbanners\/"},"modified":"2024-12-01T18:00:07","modified_gmt":"2024-12-01T18:00:07","slug":"mini-kakemono-roll-up-minirollupbanners","status":"publish","type":"product","link":"https:\/\/www.printings-n.com\/fr_fr\/produit\/mini-kakemono-roll-up-minirollupbanners\/","title":{"rendered":"Mini Kak\u00e9mono roll-up"},"content":{"rendered":"<p>Le mini kak\u00e9mono roll-up ou le petit roll-up de table convient parfaitement pour les endroits disposant de peu de place comme les r\u00e9ceptions, bureaux, h\u00f4tels ou caf\u00e9s. Les roll-up petit format permettent une communication continue sans l&#039;encombrement qui va avec, et surtout, ils ne sont pas chers. Nos minis roll-up sont aussi tr\u00e8s l\u00e9gers, ce qui les rend faciles \u00e0 transporter. Nous offrons 2 formats, A3 ou A4, afin de vous fournir un produit totalement adapt\u00e9 \u00e0 vos besoins. &lt;br&gt; Pour une table ou un stand promotionnel parfait, pensez \u00e0 le compl\u00e9ter avec des posters.<\/p>\n","protected":false},"excerpt":{"rendered":"<p>Le mini kak\u00e9mono roll-up ou le petit roll-up de table convient parfaitement pour les endroits disposant de peu de place comme les r\u00e9ceptions, bureaux, h\u00f4tels ou caf\u00e9s. Les roll-up petit format permettent une communication continue sans l&#039;encombrement qui va avec, et surtout, ils ne sont pas chers. Nos minis roll-up sont aussi tr\u00e8s l\u00e9gers, ce [&hellip;]<\/p>\n","protected":false},"featured_media":5136,"comment_status":"open","ping_status":"closed","template":"","meta":[],"product_brand":[],"product_cat":[124],"product_tag":[],"class_list":{"0":"post-5135","1":"product","2":"type-product","3":"status-publish","4":"has-post-thumbnail","6":"product_cat-bannieres","8":"first","9":"instock","10":"taxable","11":"shipping-taxable","12":"product-type-simple"},"_links":{"self":[{"href":"https:\/\/www.printings-n.com\/fr_fr\/wp-json\/wp\/v2\/product\/5135","targetHints":{"allow":["GET"]}}],"collection":[{"href":"https:\/\/www.printings-n.com\/fr_fr\/wp-json\/wp\/v2\/product"}],"about":[{"href":"https:\/\/www.printings-n.com\/fr_fr\/wp-json\/wp\/v2\/types\/product"}],"replies":[{"embeddable":true,"href":"https:\/\/www.printings-n.com\/fr_fr\/wp-json\/wp\/v2\/comments?post=5135"}],"wp:featuredmedia":[{"embeddable":true,"href":"https:\/\/www.printings-n.com\/fr_fr\/wp-json\/wp\/v2\/media\/5136"}],"wp:attachment":[{"href":"https:\/\/www.printings-n.com\/fr_fr\/wp-json\/wp\/v2\/media?parent=5135"}],"wp:term":[{"taxonomy":"product_brand","embeddable":true,"href":"https:\/\/www.printings-n.com\/fr_fr\/wp-json\/wp\/v2\/product_brand?post=5135"},{"taxonomy":"product_cat","embeddable":true,"href":"https:\/\/www.printings-n.com\/fr_fr\/wp-json\/wp\/v2\/product_cat?post=5135"},{"taxonomy":"product_tag","embeddable":true,"href":"https:\/\/www.printings-n.com\/fr_fr\/wp-json\/wp\/v2\/product_tag?post=5135"}],"curies":[{"name":"wp","href":"https:\/\/api.w.org\/{rel}","templated":true}]}}