{"id":5131,"date":"2024-12-01T18:00:03","date_gmt":"2024-12-01T18:00:03","guid":{"rendered":"https:\/\/www.printings-n.com\/produit\/kakemono-roll-up-rollupbannersv2\/"},"modified":"2024-12-01T18:00:03","modified_gmt":"2024-12-01T18:00:03","slug":"kakemono-roll-up-rollupbannersv2","status":"publish","type":"product","link":"https:\/\/www.printings-n.com\/fr_fr\/produit\/kakemono-roll-up-rollupbannersv2\/","title":{"rendered":"Kak\u00e9mono roll-up"},"content":{"rendered":"<p>Un support marketing incontournable ! Le kak\u00e9mono roll-up est le meilleur moyen de mettre en valeur votre marque et vous d\u00e9marquez ! Personnalisez la surface avec votre propre design et informations. Communiquez clairement votre message lors de votre prochain \u00e9v\u00e9nement, salon. Faites la promotion de votre marque et votre entreprise, un nouveau produit ou service, les possibilit\u00e9s sont infinies !&lt;br&gt;<br \/>\nPortables, l\u00e9gers et faciles \u00e0 ranger et \u00e0 transporter, personnalisez et commandez votre kak\u00e9mono d\u00e8s maintenant !<br \/>\n&lt;br&gt;&lt;br&gt;<\/p>\n<p>T\u00e9l\u00e9chargez les instructions de montage \/ d\u00e9montage &lt;a href=https:\/\/assets.ctfassets.net\/wm1n7oady8a5\/2c21mxH4koO02O0QgG2i0u\/9655590ebb8b8c997553285d17e33436\/A4-manual_Budget_Roll-up_banners-FR.pdf target=_blank&gt; ici&lt;\/a&gt;.<\/p>\n","protected":false},"excerpt":{"rendered":"<p>Un support marketing incontournable ! Le kak\u00e9mono roll-up est le meilleur moyen de mettre en valeur votre marque et vous d\u00e9marquez ! Personnalisez la surface avec votre propre design et informations. Communiquez clairement votre message lors de votre prochain \u00e9v\u00e9nement, salon. Faites la promotion de votre marque et votre entreprise, un nouveau produit ou service, [&hellip;]<\/p>\n","protected":false},"featured_media":5132,"comment_status":"open","ping_status":"closed","template":"","meta":[],"product_brand":[],"product_cat":[124],"product_tag":[],"class_list":{"0":"post-5131","1":"product","2":"type-product","3":"status-publish","4":"has-post-thumbnail","6":"product_cat-bannieres","8":"first","9":"instock","10":"taxable","11":"shipping-taxable","12":"product-type-simple"},"_links":{"self":[{"href":"https:\/\/www.printings-n.com\/fr_fr\/wp-json\/wp\/v2\/product\/5131","targetHints":{"allow":["GET"]}}],"collection":[{"href":"https:\/\/www.printings-n.com\/fr_fr\/wp-json\/wp\/v2\/product"}],"about":[{"href":"https:\/\/www.printings-n.com\/fr_fr\/wp-json\/wp\/v2\/types\/product"}],"replies":[{"embeddable":true,"href":"https:\/\/www.printings-n.com\/fr_fr\/wp-json\/wp\/v2\/comments?post=5131"}],"wp:featuredmedia":[{"embeddable":true,"href":"https:\/\/www.printings-n.com\/fr_fr\/wp-json\/wp\/v2\/media\/5132"}],"wp:attachment":[{"href":"https:\/\/www.printings-n.com\/fr_fr\/wp-json\/wp\/v2\/media?parent=5131"}],"wp:term":[{"taxonomy":"product_brand","embeddable":true,"href":"https:\/\/www.printings-n.com\/fr_fr\/wp-json\/wp\/v2\/product_brand?post=5131"},{"taxonomy":"product_cat","embeddable":true,"href":"https:\/\/www.printings-n.com\/fr_fr\/wp-json\/wp\/v2\/product_cat?post=5131"},{"taxonomy":"product_tag","embeddable":true,"href":"https:\/\/www.printings-n.com\/fr_fr\/wp-json\/wp\/v2\/product_tag?post=5131"}],"curies":[{"name":"wp","href":"https:\/\/api.w.org\/{rel}","templated":true}]}}