{"id":5129,"date":"2024-12-01T17:59:56","date_gmt":"2024-12-01T17:59:56","guid":{"rendered":"https:\/\/www.printings-n.com\/produit\/roll-up-exterieurs-rollupbannersoutdoor\/"},"modified":"2024-12-01T17:59:57","modified_gmt":"2024-12-01T17:59:57","slug":"roll-up-exterieurs-rollupbannersoutdoor","status":"publish","type":"product","link":"https:\/\/www.printings-n.com\/fr_fr\/produit\/roll-up-exterieurs-rollupbannersoutdoor\/","title":{"rendered":"Roll-up ext\u00e9rieurs"},"content":{"rendered":"<p>Un grand \u00e9v\u00e9nement en plein air se pr\u00e9pare ? Essayez un de nos Roll-up ext\u00e9rieurs pour une visibilit\u00e9 maximale en plein air, un message id\u00e9al pour les grands espaces ! Avec son pied en aluminium robuste et de haute qualit\u00e9 et ses broches de sol, votre message est s\u00fbr de rester debout. Encore mieux, les Roll-up ext\u00e9rieurs sont livr\u00e9s avec deux toiles pour un message double face, t\u00e9l\u00e9chargez deux visuels diff\u00e9rents pour deux faces uniques ! Avec une mise en place rapide et un sac de transport inclus, faites passer votre message lors de vos d\u00e9placements !&lt;br&gt;&lt;br&gt;<br \/>\nCommandez d\u00e8s maintenant pour cr\u00e9er un affichage unique et attrayant !<\/p>\n","protected":false},"excerpt":{"rendered":"<p>Un grand \u00e9v\u00e9nement en plein air se pr\u00e9pare ? Essayez un de nos Roll-up ext\u00e9rieurs pour une visibilit\u00e9 maximale en plein air, un message id\u00e9al pour les grands espaces ! Avec son pied en aluminium robuste et de haute qualit\u00e9 et ses broches de sol, votre message est s\u00fbr de rester debout. Encore mieux, les [&hellip;]<\/p>\n","protected":false},"featured_media":5130,"comment_status":"open","ping_status":"closed","template":"","meta":[],"product_brand":[],"product_cat":[124],"product_tag":[],"class_list":{"0":"post-5129","1":"product","2":"type-product","3":"status-publish","4":"has-post-thumbnail","6":"product_cat-bannieres","8":"first","9":"instock","10":"taxable","11":"shipping-taxable","12":"product-type-simple"},"_links":{"self":[{"href":"https:\/\/www.printings-n.com\/fr_fr\/wp-json\/wp\/v2\/product\/5129","targetHints":{"allow":["GET"]}}],"collection":[{"href":"https:\/\/www.printings-n.com\/fr_fr\/wp-json\/wp\/v2\/product"}],"about":[{"href":"https:\/\/www.printings-n.com\/fr_fr\/wp-json\/wp\/v2\/types\/product"}],"replies":[{"embeddable":true,"href":"https:\/\/www.printings-n.com\/fr_fr\/wp-json\/wp\/v2\/comments?post=5129"}],"wp:featuredmedia":[{"embeddable":true,"href":"https:\/\/www.printings-n.com\/fr_fr\/wp-json\/wp\/v2\/media\/5130"}],"wp:attachment":[{"href":"https:\/\/www.printings-n.com\/fr_fr\/wp-json\/wp\/v2\/media?parent=5129"}],"wp:term":[{"taxonomy":"product_brand","embeddable":true,"href":"https:\/\/www.printings-n.com\/fr_fr\/wp-json\/wp\/v2\/product_brand?post=5129"},{"taxonomy":"product_cat","embeddable":true,"href":"https:\/\/www.printings-n.com\/fr_fr\/wp-json\/wp\/v2\/product_cat?post=5129"},{"taxonomy":"product_tag","embeddable":true,"href":"https:\/\/www.printings-n.com\/fr_fr\/wp-json\/wp\/v2\/product_tag?post=5129"}],"curies":[{"name":"wp","href":"https:\/\/api.w.org\/{rel}","templated":true}]}}