{"id":5124,"date":"2024-12-01T17:59:43","date_gmt":"2024-12-01T17:59:43","guid":{"rendered":"https:\/\/www.printings-n.com\/produit\/kakemono-roll-up-carton-recycle-cardboardrollupbanners\/"},"modified":"2024-12-01T17:59:44","modified_gmt":"2024-12-01T17:59:44","slug":"kakemono-roll-up-carton-recycle-cardboardrollupbanners","status":"publish","type":"product","link":"https:\/\/www.printings-n.com\/fr_fr\/produit\/kakemono-roll-up-carton-recycle-cardboardrollupbanners\/","title":{"rendered":"Kak\u00e9mono roll-up carton recycl\u00e9"},"content":{"rendered":"<p>Vous cherchez une alternative \u00e9cologique au kak\u00e9mono roll-up classique ? D\u00e9couvrez notre nouveau kak\u00e9mono roll-up avec base en carton recycl\u00e9, pr\u00eat \u00e0 \u00eatre d\u00e9ploy\u00e9 et facile \u00e0 installer. Peu importe si vous souhaitez un kit complet ou uniquement la toile, celle-ci est fournie avec du ruban adh\u00e9sif double face !<br \/>\n&lt;br&gt;<br \/>\nLe carton est compos\u00e9 de carton double vague  tandis que la toile imprim\u00e9e est fabriqu\u00e9e \u00e0 partir de papier pour affiche de 200 g.  La toile est con\u00e7ue pour \u00eatre utilis\u00e9e \u00e0 l&#039;int\u00e9rieur et doit \u00eatre install\u00e9e sur une surface plane. Elle est disponible en un format unique, 80 \u00d7 200 cm. Le kak\u00e9mono roll-up est livr\u00e9 avec un guide de montage.<br \/>\n&lt;br&gt;<br \/>\nVous souhaitez remplacer ou mettre \u00e0 jour votre toile ? Il suffit de commander l&#039;impression de la toile seule. Le kak\u00e9mono roll-up peut \u00eatre utilis\u00e9 plusieurs fois !<\/p>\n","protected":false},"excerpt":{"rendered":"<p>Vous cherchez une alternative \u00e9cologique au kak\u00e9mono roll-up classique ? D\u00e9couvrez notre nouveau kak\u00e9mono roll-up avec base en carton recycl\u00e9, pr\u00eat \u00e0 \u00eatre d\u00e9ploy\u00e9 et facile \u00e0 installer. Peu importe si vous souhaitez un kit complet ou uniquement la toile, celle-ci est fournie avec du ruban adh\u00e9sif double face ! &lt;br&gt; Le carton est compos\u00e9 [&hellip;]<\/p>\n","protected":false},"featured_media":5125,"comment_status":"open","ping_status":"closed","template":"","meta":[],"product_brand":[],"product_cat":[124],"product_tag":[],"class_list":{"0":"post-5124","1":"product","2":"type-product","3":"status-publish","4":"has-post-thumbnail","6":"product_cat-bannieres","8":"first","9":"instock","10":"taxable","11":"shipping-taxable","12":"product-type-simple"},"_links":{"self":[{"href":"https:\/\/www.printings-n.com\/fr_fr\/wp-json\/wp\/v2\/product\/5124","targetHints":{"allow":["GET"]}}],"collection":[{"href":"https:\/\/www.printings-n.com\/fr_fr\/wp-json\/wp\/v2\/product"}],"about":[{"href":"https:\/\/www.printings-n.com\/fr_fr\/wp-json\/wp\/v2\/types\/product"}],"replies":[{"embeddable":true,"href":"https:\/\/www.printings-n.com\/fr_fr\/wp-json\/wp\/v2\/comments?post=5124"}],"wp:featuredmedia":[{"embeddable":true,"href":"https:\/\/www.printings-n.com\/fr_fr\/wp-json\/wp\/v2\/media\/5125"}],"wp:attachment":[{"href":"https:\/\/www.printings-n.com\/fr_fr\/wp-json\/wp\/v2\/media?parent=5124"}],"wp:term":[{"taxonomy":"product_brand","embeddable":true,"href":"https:\/\/www.printings-n.com\/fr_fr\/wp-json\/wp\/v2\/product_brand?post=5124"},{"taxonomy":"product_cat","embeddable":true,"href":"https:\/\/www.printings-n.com\/fr_fr\/wp-json\/wp\/v2\/product_cat?post=5124"},{"taxonomy":"product_tag","embeddable":true,"href":"https:\/\/www.printings-n.com\/fr_fr\/wp-json\/wp\/v2\/product_tag?post=5124"}],"curies":[{"name":"wp","href":"https:\/\/api.w.org\/{rel}","templated":true}]}}