{"id":5122,"date":"2024-12-01T17:59:41","date_gmt":"2024-12-01T17:59:41","guid":{"rendered":"https:\/\/www.printings-n.com\/produit\/kakemono-l-banners-lbanners\/"},"modified":"2024-12-01T17:59:42","modified_gmt":"2024-12-01T17:59:42","slug":"kakemono-l-banners-lbanners","status":"publish","type":"product","link":"https:\/\/www.printings-n.com\/fr_fr\/produit\/kakemono-l-banners-lbanners\/","title":{"rendered":"Kak\u00e9mono L-banners"},"content":{"rendered":"<p>Besoin d&#039;am\u00e9liorer la visibilit\u00e9 de votre entreprise ? Le Kak\u00e9mono L-banner est le produit dont vous avez besoin. Tr\u00e8s utile lors de foires ou d&#039;\u00e9v\u00e8nements, il vous permet de vous d\u00e9marquer facilement. Il est disponible en plusieurs tailles, et est livr\u00e9 avec un sac de transport. Sa base en forme de L donnant son nom au produit vous assure que votre kakemono sera au plus stable et restera bien en place. Cr\u00e9ez d\u00e8s maintenant le Kak\u00e9mono L-Banner qui vous ressemble et attirez l&#039;attention de vos futurs clients. En 80x200cm ou 100x200cm, choisissez la dimension la plus adapt\u00e9e !<\/p>\n","protected":false},"excerpt":{"rendered":"<p>Besoin d&#039;am\u00e9liorer la visibilit\u00e9 de votre entreprise ? Le Kak\u00e9mono L-banner est le produit dont vous avez besoin. Tr\u00e8s utile lors de foires ou d&#039;\u00e9v\u00e8nements, il vous permet de vous d\u00e9marquer facilement. Il est disponible en plusieurs tailles, et est livr\u00e9 avec un sac de transport. Sa base en forme de L donnant son nom [&hellip;]<\/p>\n","protected":false},"featured_media":5123,"comment_status":"open","ping_status":"closed","template":"","meta":[],"product_brand":[],"product_cat":[124],"product_tag":[],"class_list":{"0":"post-5122","1":"product","2":"type-product","3":"status-publish","4":"has-post-thumbnail","6":"product_cat-bannieres","8":"first","9":"instock","10":"taxable","11":"shipping-taxable","12":"product-type-simple"},"_links":{"self":[{"href":"https:\/\/www.printings-n.com\/fr_fr\/wp-json\/wp\/v2\/product\/5122","targetHints":{"allow":["GET"]}}],"collection":[{"href":"https:\/\/www.printings-n.com\/fr_fr\/wp-json\/wp\/v2\/product"}],"about":[{"href":"https:\/\/www.printings-n.com\/fr_fr\/wp-json\/wp\/v2\/types\/product"}],"replies":[{"embeddable":true,"href":"https:\/\/www.printings-n.com\/fr_fr\/wp-json\/wp\/v2\/comments?post=5122"}],"wp:featuredmedia":[{"embeddable":true,"href":"https:\/\/www.printings-n.com\/fr_fr\/wp-json\/wp\/v2\/media\/5123"}],"wp:attachment":[{"href":"https:\/\/www.printings-n.com\/fr_fr\/wp-json\/wp\/v2\/media?parent=5122"}],"wp:term":[{"taxonomy":"product_brand","embeddable":true,"href":"https:\/\/www.printings-n.com\/fr_fr\/wp-json\/wp\/v2\/product_brand?post=5122"},{"taxonomy":"product_cat","embeddable":true,"href":"https:\/\/www.printings-n.com\/fr_fr\/wp-json\/wp\/v2\/product_cat?post=5122"},{"taxonomy":"product_tag","embeddable":true,"href":"https:\/\/www.printings-n.com\/fr_fr\/wp-json\/wp\/v2\/product_tag?post=5122"}],"curies":[{"name":"wp","href":"https:\/\/api.w.org\/{rel}","templated":true}]}}