{"id":5118,"date":"2024-12-01T17:59:27","date_gmt":"2024-12-01T17:59:27","guid":{"rendered":"https:\/\/www.printings-n.com\/produit\/banderoles-de-cloture-heras-constructionfencebanners\/"},"modified":"2024-12-01T17:59:28","modified_gmt":"2024-12-01T17:59:28","slug":"banderoles-de-cloture-heras-constructionfencebanners","status":"publish","type":"product","link":"https:\/\/www.printings-n.com\/fr_fr\/produit\/banderoles-de-cloture-heras-constructionfencebanners\/","title":{"rendered":"Banderoles de barri\u00e8re de chantier"},"content":{"rendered":"<p>Faites de vos clot\u00fbres de chantier un support promotionnel attractif gr\u00e2ce aux banderoles personnalis\u00e9es de cl\u00f4tures d&#039;[site_name]. Id\u00e9ales pour prot\u00e9ger vos chantiers des regards indiscrets, faire la promotion de vos festivals ou afficher vos sponsors, les b\u00e2ches et banderoles personnalis\u00e9es pour barri\u00e8re sont indispensables pour une communication visible et efficace. Nos banderoles pour barri\u00e8re de chantier sont ignifug\u00e9es et poss\u00e8dent des oeillets pratiques pour la suspension. Pour r\u00e9sister \u00e0 la pluie et au vent, ces b\u00e2ches personnalis\u00e9es ont des ourlets par d\u00e9faut.<\/p>\n","protected":false},"excerpt":{"rendered":"<p>Faites de vos clot\u00fbres de chantier un support promotionnel attractif gr\u00e2ce aux banderoles personnalis\u00e9es de cl\u00f4tures d&#039;[site_name]. Id\u00e9ales pour prot\u00e9ger vos chantiers des regards indiscrets, faire la promotion de vos festivals ou afficher vos sponsors, les b\u00e2ches et banderoles personnalis\u00e9es pour barri\u00e8re sont indispensables pour une communication visible et efficace. Nos banderoles pour barri\u00e8re de [&hellip;]<\/p>\n","protected":false},"featured_media":5119,"comment_status":"open","ping_status":"closed","template":"","meta":[],"product_brand":[],"product_cat":[124],"product_tag":[],"class_list":{"0":"post-5118","1":"product","2":"type-product","3":"status-publish","4":"has-post-thumbnail","6":"product_cat-bannieres","8":"first","9":"instock","10":"taxable","11":"shipping-taxable","12":"product-type-simple"},"_links":{"self":[{"href":"https:\/\/www.printings-n.com\/fr_fr\/wp-json\/wp\/v2\/product\/5118","targetHints":{"allow":["GET"]}}],"collection":[{"href":"https:\/\/www.printings-n.com\/fr_fr\/wp-json\/wp\/v2\/product"}],"about":[{"href":"https:\/\/www.printings-n.com\/fr_fr\/wp-json\/wp\/v2\/types\/product"}],"replies":[{"embeddable":true,"href":"https:\/\/www.printings-n.com\/fr_fr\/wp-json\/wp\/v2\/comments?post=5118"}],"wp:featuredmedia":[{"embeddable":true,"href":"https:\/\/www.printings-n.com\/fr_fr\/wp-json\/wp\/v2\/media\/5119"}],"wp:attachment":[{"href":"https:\/\/www.printings-n.com\/fr_fr\/wp-json\/wp\/v2\/media?parent=5118"}],"wp:term":[{"taxonomy":"product_brand","embeddable":true,"href":"https:\/\/www.printings-n.com\/fr_fr\/wp-json\/wp\/v2\/product_brand?post=5118"},{"taxonomy":"product_cat","embeddable":true,"href":"https:\/\/www.printings-n.com\/fr_fr\/wp-json\/wp\/v2\/product_cat?post=5118"},{"taxonomy":"product_tag","embeddable":true,"href":"https:\/\/www.printings-n.com\/fr_fr\/wp-json\/wp\/v2\/product_tag?post=5118"}],"curies":[{"name":"wp","href":"https:\/\/api.w.org\/{rel}","templated":true}]}}