{"id":5114,"date":"2024-12-01T17:59:23","date_gmt":"2024-12-01T17:59:23","guid":{"rendered":"https:\/\/www.printings-n.com\/produit\/banderoles-dechafaudage-scaffoldingbanners\/"},"modified":"2024-12-01T17:59:24","modified_gmt":"2024-12-01T17:59:24","slug":"banderoles-dechafaudage-scaffoldingbanners","status":"publish","type":"product","link":"https:\/\/www.printings-n.com\/fr_fr\/produit\/banderoles-dechafaudage-scaffoldingbanners\/","title":{"rendered":"Banderoles d&#039;\u00e9chafaudage"},"content":{"rendered":"<p>Vous voulez promouvoir votre projet ? Avec les banderoles personnalis\u00e9es d&#039;\u00e9chafaudage d&#039;[site_name] vous vous d\u00e9marquerez dans les rues gr\u00e2ce \u00e0 l&#039;impression de banderole \/ b\u00e2che grand format pour un impact maximal. Vous pouvez commander vos banderoles d&#039;\u00e9chafaudage dans presque toutes les tailles possibles et imaginables. Donnez \u00e0 votre immeuble en construction un aspect plus sophistiqu\u00e9 et optimisez vos p\u00e9riodes de travaux gr\u00e2ce \u00e0 une banderole personnalis\u00e9e d&#039;\u00e9chafaudage !<\/p>\n","protected":false},"excerpt":{"rendered":"<p>Vous voulez promouvoir votre projet ? Avec les banderoles personnalis\u00e9es d&#039;\u00e9chafaudage d&#039;[site_name] vous vous d\u00e9marquerez dans les rues gr\u00e2ce \u00e0 l&#039;impression de banderole \/ b\u00e2che grand format pour un impact maximal. Vous pouvez commander vos banderoles d&#039;\u00e9chafaudage dans presque toutes les tailles possibles et imaginables. Donnez \u00e0 votre immeuble en construction un aspect plus sophistiqu\u00e9 [&hellip;]<\/p>\n","protected":false},"featured_media":5115,"comment_status":"open","ping_status":"closed","template":"","meta":[],"product_brand":[],"product_cat":[124],"product_tag":[],"class_list":{"0":"post-5114","1":"product","2":"type-product","3":"status-publish","4":"has-post-thumbnail","6":"product_cat-bannieres","8":"first","9":"instock","10":"taxable","11":"shipping-taxable","12":"product-type-simple"},"_links":{"self":[{"href":"https:\/\/www.printings-n.com\/fr_fr\/wp-json\/wp\/v2\/product\/5114","targetHints":{"allow":["GET"]}}],"collection":[{"href":"https:\/\/www.printings-n.com\/fr_fr\/wp-json\/wp\/v2\/product"}],"about":[{"href":"https:\/\/www.printings-n.com\/fr_fr\/wp-json\/wp\/v2\/types\/product"}],"replies":[{"embeddable":true,"href":"https:\/\/www.printings-n.com\/fr_fr\/wp-json\/wp\/v2\/comments?post=5114"}],"wp:featuredmedia":[{"embeddable":true,"href":"https:\/\/www.printings-n.com\/fr_fr\/wp-json\/wp\/v2\/media\/5115"}],"wp:attachment":[{"href":"https:\/\/www.printings-n.com\/fr_fr\/wp-json\/wp\/v2\/media?parent=5114"}],"wp:term":[{"taxonomy":"product_brand","embeddable":true,"href":"https:\/\/www.printings-n.com\/fr_fr\/wp-json\/wp\/v2\/product_brand?post=5114"},{"taxonomy":"product_cat","embeddable":true,"href":"https:\/\/www.printings-n.com\/fr_fr\/wp-json\/wp\/v2\/product_cat?post=5114"},{"taxonomy":"product_tag","embeddable":true,"href":"https:\/\/www.printings-n.com\/fr_fr\/wp-json\/wp\/v2\/product_tag?post=5114"}],"curies":[{"name":"wp","href":"https:\/\/api.w.org\/{rel}","templated":true}]}}