{"id":5112,"date":"2024-12-01T17:59:16","date_gmt":"2024-12-01T17:59:16","guid":{"rendered":"https:\/\/www.printings-n.com\/produit\/baches-sur-mesure-banners\/"},"modified":"2024-12-01T17:59:17","modified_gmt":"2024-12-01T17:59:17","slug":"baches-sur-mesure-banners","status":"publish","type":"product","link":"https:\/\/www.printings-n.com\/fr_fr\/produit\/baches-sur-mesure-banners\/","title":{"rendered":"B\u00e2ches sur mesure"},"content":{"rendered":"<p>Les b\u00e2ches sur mesure sont un excellent moyen de promouvoir votre entreprise, votre restaurant ou une occasion sp\u00e9ciale comme un \u00e9v\u00e9nement. En s\u00e9lectionnant vous-m\u00eame le format de votre b\u00e2che, vous \u00eates s\u00fbr de trouver la solution parfaite pour votre objectif ! Commandez d\u00e8s maintenant votre B\u00e2ches sur mesure avec [site_name] !<\/p>\n","protected":false},"excerpt":{"rendered":"<p>Les b\u00e2ches sur mesure sont un excellent moyen de promouvoir votre entreprise, votre restaurant ou une occasion sp\u00e9ciale comme un \u00e9v\u00e9nement. En s\u00e9lectionnant vous-m\u00eame le format de votre b\u00e2che, vous \u00eates s\u00fbr de trouver la solution parfaite pour votre objectif ! Commandez d\u00e8s maintenant votre B\u00e2ches sur mesure avec [site_name] !<\/p>\n","protected":false},"featured_media":5113,"comment_status":"open","ping_status":"closed","template":"","meta":[],"product_brand":[],"product_cat":[124],"product_tag":[],"class_list":{"0":"post-5112","1":"product","2":"type-product","3":"status-publish","4":"has-post-thumbnail","6":"product_cat-bannieres","8":"first","9":"instock","10":"taxable","11":"shipping-taxable","12":"product-type-simple"},"_links":{"self":[{"href":"https:\/\/www.printings-n.com\/fr_fr\/wp-json\/wp\/v2\/product\/5112","targetHints":{"allow":["GET"]}}],"collection":[{"href":"https:\/\/www.printings-n.com\/fr_fr\/wp-json\/wp\/v2\/product"}],"about":[{"href":"https:\/\/www.printings-n.com\/fr_fr\/wp-json\/wp\/v2\/types\/product"}],"replies":[{"embeddable":true,"href":"https:\/\/www.printings-n.com\/fr_fr\/wp-json\/wp\/v2\/comments?post=5112"}],"wp:featuredmedia":[{"embeddable":true,"href":"https:\/\/www.printings-n.com\/fr_fr\/wp-json\/wp\/v2\/media\/5113"}],"wp:attachment":[{"href":"https:\/\/www.printings-n.com\/fr_fr\/wp-json\/wp\/v2\/media?parent=5112"}],"wp:term":[{"taxonomy":"product_brand","embeddable":true,"href":"https:\/\/www.printings-n.com\/fr_fr\/wp-json\/wp\/v2\/product_brand?post=5112"},{"taxonomy":"product_cat","embeddable":true,"href":"https:\/\/www.printings-n.com\/fr_fr\/wp-json\/wp\/v2\/product_cat?post=5112"},{"taxonomy":"product_tag","embeddable":true,"href":"https:\/\/www.printings-n.com\/fr_fr\/wp-json\/wp\/v2\/product_tag?post=5112"}],"curies":[{"name":"wp","href":"https:\/\/api.w.org\/{rel}","templated":true}]}}