{"id":5023,"date":"2024-12-01T17:20:18","date_gmt":"2024-12-01T17:20:18","guid":{"rendered":"https:\/\/www.printings-n.com\/produit\/stand-de-vente-takeawaycorner\/"},"modified":"2024-12-01T17:20:18","modified_gmt":"2024-12-01T17:20:18","slug":"stand-de-vente-takeawaycorner","status":"publish","type":"product","link":"https:\/\/www.printings-n.com\/fr_fr\/produit\/stand-de-vente-takeawaycorner\/","title":{"rendered":"Stand de vente"},"content":{"rendered":"<p>Proposez-vous un service de plats \u00e0 emporter ? Alors le stand de vente est id\u00e9al pour votre restaurant, votre caf\u00e9 ou un prochain \u00e9v\u00e9nement. C&#039;est un excellent moyen de montrer \u00e0 vos clients o\u00f9 aller, tout en faisant la promotion de votre entreprise !<\/p>\n","protected":false},"excerpt":{"rendered":"<p>Proposez-vous un service de plats \u00e0 emporter ? Alors le stand de vente est id\u00e9al pour votre restaurant, votre caf\u00e9 ou un prochain \u00e9v\u00e9nement. C&#039;est un excellent moyen de montrer \u00e0 vos clients o\u00f9 aller, tout en faisant la promotion de votre entreprise !<\/p>\n","protected":false},"featured_media":5024,"comment_status":"open","ping_status":"closed","template":"","meta":[],"product_brand":[],"product_cat":[118],"product_tag":[],"class_list":{"0":"post-5023","1":"product","2":"type-product","3":"status-publish","4":"has-post-thumbnail","6":"product_cat-autres-supports-exterieurs","8":"first","9":"instock","10":"taxable","11":"shipping-taxable","12":"product-type-simple"},"_links":{"self":[{"href":"https:\/\/www.printings-n.com\/fr_fr\/wp-json\/wp\/v2\/product\/5023","targetHints":{"allow":["GET"]}}],"collection":[{"href":"https:\/\/www.printings-n.com\/fr_fr\/wp-json\/wp\/v2\/product"}],"about":[{"href":"https:\/\/www.printings-n.com\/fr_fr\/wp-json\/wp\/v2\/types\/product"}],"replies":[{"embeddable":true,"href":"https:\/\/www.printings-n.com\/fr_fr\/wp-json\/wp\/v2\/comments?post=5023"}],"wp:featuredmedia":[{"embeddable":true,"href":"https:\/\/www.printings-n.com\/fr_fr\/wp-json\/wp\/v2\/media\/5024"}],"wp:attachment":[{"href":"https:\/\/www.printings-n.com\/fr_fr\/wp-json\/wp\/v2\/media?parent=5023"}],"wp:term":[{"taxonomy":"product_brand","embeddable":true,"href":"https:\/\/www.printings-n.com\/fr_fr\/wp-json\/wp\/v2\/product_brand?post=5023"},{"taxonomy":"product_cat","embeddable":true,"href":"https:\/\/www.printings-n.com\/fr_fr\/wp-json\/wp\/v2\/product_cat?post=5023"},{"taxonomy":"product_tag","embeddable":true,"href":"https:\/\/www.printings-n.com\/fr_fr\/wp-json\/wp\/v2\/product_tag?post=5023"}],"curies":[{"name":"wp","href":"https:\/\/api.w.org\/{rel}","templated":true}]}}