{"id":5013,"date":"2024-12-01T17:19:59","date_gmt":"2024-12-01T17:19:59","guid":{"rendered":"https:\/\/www.printings-n.com\/produit\/stop-trottoir-sur-ressort-swingbase\/"},"modified":"2024-12-01T17:20:00","modified_gmt":"2024-12-01T17:20:00","slug":"stop-trottoir-sur-ressort-swingbase","status":"publish","type":"product","link":"https:\/\/www.printings-n.com\/fr_fr\/produit\/stop-trottoir-sur-ressort-swingbase\/","title":{"rendered":"Stop-trottoir sur ressort"},"content":{"rendered":"<p>Avec les stop-trottoirs sur ressort d&#039;[site_name], vous avez la possibilit\u00e9 d&#039;afficher efficacement votre message publicitaire qu&#039;importe la m\u00e9t\u00e9o ! Disponibles pour un format particuli\u00e8rement populaire A0 et A1, vous vous assurez une visibilit\u00e9 sans pr\u00e9c\u00e9dent aupr\u00e8s des passants. Fabriqu\u00e9s en aluminum anodis\u00e9 et plastique, votre stop-trottoir est r\u00e9sistant au temps, bien que pas totalement waterproof. Pour le format A1 son poids est de 16,6 kg et de 20,4 kg pour le A0. Commandez d\u00e8s maintenant vos stop-trottoirs sur ressort avec [site_name] et am\u00e9liorez instantan\u00e9ment votre visibilit\u00e9 !<br \/>\nAttention, nos stop-trottoirs sont livr\u00e9s sans affiches, &lt;a href=https:\/\/connect.helloprint.fr\/impression-affiches-et-posters&gt;Pour commander vos affiches, cliquez-ici !&lt;\/a&gt; Nous vous conseillons de commander des affiches waterproof.<\/p>\n","protected":false},"excerpt":{"rendered":"<p>Avec les stop-trottoirs sur ressort d&#039;[site_name], vous avez la possibilit\u00e9 d&#039;afficher efficacement votre message publicitaire qu&#039;importe la m\u00e9t\u00e9o ! Disponibles pour un format particuli\u00e8rement populaire A0 et A1, vous vous assurez une visibilit\u00e9 sans pr\u00e9c\u00e9dent aupr\u00e8s des passants. Fabriqu\u00e9s en aluminum anodis\u00e9 et plastique, votre stop-trottoir est r\u00e9sistant au temps, bien que pas totalement waterproof. [&hellip;]<\/p>\n","protected":false},"featured_media":5014,"comment_status":"open","ping_status":"closed","template":"","meta":[],"product_brand":[],"product_cat":[118],"product_tag":[],"class_list":{"0":"post-5013","1":"product","2":"type-product","3":"status-publish","4":"has-post-thumbnail","6":"product_cat-autres-supports-exterieurs","8":"first","9":"instock","10":"taxable","11":"shipping-taxable","12":"product-type-simple"},"_links":{"self":[{"href":"https:\/\/www.printings-n.com\/fr_fr\/wp-json\/wp\/v2\/product\/5013","targetHints":{"allow":["GET"]}}],"collection":[{"href":"https:\/\/www.printings-n.com\/fr_fr\/wp-json\/wp\/v2\/product"}],"about":[{"href":"https:\/\/www.printings-n.com\/fr_fr\/wp-json\/wp\/v2\/types\/product"}],"replies":[{"embeddable":true,"href":"https:\/\/www.printings-n.com\/fr_fr\/wp-json\/wp\/v2\/comments?post=5013"}],"wp:featuredmedia":[{"embeddable":true,"href":"https:\/\/www.printings-n.com\/fr_fr\/wp-json\/wp\/v2\/media\/5014"}],"wp:attachment":[{"href":"https:\/\/www.printings-n.com\/fr_fr\/wp-json\/wp\/v2\/media?parent=5013"}],"wp:term":[{"taxonomy":"product_brand","embeddable":true,"href":"https:\/\/www.printings-n.com\/fr_fr\/wp-json\/wp\/v2\/product_brand?post=5013"},{"taxonomy":"product_cat","embeddable":true,"href":"https:\/\/www.printings-n.com\/fr_fr\/wp-json\/wp\/v2\/product_cat?post=5013"},{"taxonomy":"product_tag","embeddable":true,"href":"https:\/\/www.printings-n.com\/fr_fr\/wp-json\/wp\/v2\/product_tag?post=5013"}],"curies":[{"name":"wp","href":"https:\/\/api.w.org\/{rel}","templated":true}]}}