{"id":5011,"date":"2024-12-01T17:19:49","date_gmt":"2024-12-01T17:19:49","guid":{"rendered":"https:\/\/www.printings-n.com\/produit\/chevalets-porte-affiche-foldingboard\/"},"modified":"2024-12-01T17:19:50","modified_gmt":"2024-12-01T17:19:50","slug":"chevalets-porte-affiche-foldingboard","status":"publish","type":"product","link":"https:\/\/www.printings-n.com\/fr_fr\/produit\/chevalets-porte-affiche-foldingboard\/","title":{"rendered":"Chevalets porte-affiche"},"content":{"rendered":"<p>Vous changez r\u00e9guli\u00e8rement de message publicitaire ou de visuel ? Les Chevalets porte-affiche seront alors parfaits pour repr\u00e9senter vos \u00e9v\u00e9nements et promotions temporaires en ext\u00e9rieur. Gr\u00e2ce \u00e0 eux vous communiquerez efficacement chaque jour tout en adaptant votre publicit\u00e9 au gr\u00e9 de vos envies. Commandez d\u00e8s maintenant vos Chevalets porte-affiche avec [site_name] et obtenez une communication totalement personnalis\u00e9e en un instant !<br \/>\nIls sont \u00e9galement recouverts d&#039;un film plastique ac\u00e9tate de chaque c\u00f4t\u00e9 pour prot\u00e9ger votre affiche !<br \/>\n&lt;br&gt;&lt;br&gt;<br \/>\nNos stop-trottoirs sont livr\u00e9s sans affiches, &lt;a href=https:\/\/connect.helloprint.fr\/impression-affiches-et-posters&gt;d\u00e9couvrez notre gamme juste ici &lt;\/a&gt;<\/p>\n","protected":false},"excerpt":{"rendered":"<p>Vous changez r\u00e9guli\u00e8rement de message publicitaire ou de visuel ? Les Chevalets porte-affiche seront alors parfaits pour repr\u00e9senter vos \u00e9v\u00e9nements et promotions temporaires en ext\u00e9rieur. Gr\u00e2ce \u00e0 eux vous communiquerez efficacement chaque jour tout en adaptant votre publicit\u00e9 au gr\u00e9 de vos envies. Commandez d\u00e8s maintenant vos Chevalets porte-affiche avec [site_name] et obtenez une communication [&hellip;]<\/p>\n","protected":false},"featured_media":5012,"comment_status":"open","ping_status":"closed","template":"","meta":[],"product_brand":[],"product_cat":[118],"product_tag":[],"class_list":{"0":"post-5011","1":"product","2":"type-product","3":"status-publish","4":"has-post-thumbnail","6":"product_cat-autres-supports-exterieurs","8":"first","9":"instock","10":"taxable","11":"shipping-taxable","12":"product-type-simple"},"_links":{"self":[{"href":"https:\/\/www.printings-n.com\/fr_fr\/wp-json\/wp\/v2\/product\/5011","targetHints":{"allow":["GET"]}}],"collection":[{"href":"https:\/\/www.printings-n.com\/fr_fr\/wp-json\/wp\/v2\/product"}],"about":[{"href":"https:\/\/www.printings-n.com\/fr_fr\/wp-json\/wp\/v2\/types\/product"}],"replies":[{"embeddable":true,"href":"https:\/\/www.printings-n.com\/fr_fr\/wp-json\/wp\/v2\/comments?post=5011"}],"wp:featuredmedia":[{"embeddable":true,"href":"https:\/\/www.printings-n.com\/fr_fr\/wp-json\/wp\/v2\/media\/5012"}],"wp:attachment":[{"href":"https:\/\/www.printings-n.com\/fr_fr\/wp-json\/wp\/v2\/media?parent=5011"}],"wp:term":[{"taxonomy":"product_brand","embeddable":true,"href":"https:\/\/www.printings-n.com\/fr_fr\/wp-json\/wp\/v2\/product_brand?post=5011"},{"taxonomy":"product_cat","embeddable":true,"href":"https:\/\/www.printings-n.com\/fr_fr\/wp-json\/wp\/v2\/product_cat?post=5011"},{"taxonomy":"product_tag","embeddable":true,"href":"https:\/\/www.printings-n.com\/fr_fr\/wp-json\/wp\/v2\/product_tag?post=5011"}],"curies":[{"name":"wp","href":"https:\/\/api.w.org\/{rel}","templated":true}]}}