{"id":4993,"date":"2024-12-01T17:19:11","date_gmt":"2024-12-01T17:19:11","guid":{"rendered":"https:\/\/www.printings-n.com\/produit\/paillasson-entrancemat\/"},"modified":"2024-12-01T17:19:12","modified_gmt":"2024-12-01T17:19:12","slug":"paillasson-entrancemat","status":"publish","type":"product","link":"https:\/\/www.printings-n.com\/fr_fr\/produit\/paillasson-entrancemat\/","title":{"rendered":"Paillasson personnalis\u00e9"},"content":{"rendered":"<p>Combinez fonctionnalit\u00e9 et marketing avec ce Paillasson personnalis\u00e9, parfait pour accueillir vos clients !<br \/>\nAvec diff\u00e9rentes tailles, vous \u00eates s\u00fbr de trouver le tapis d&#039;entr\u00e9e personnalis\u00e9 qui vous convient.<\/p>\n","protected":false},"excerpt":{"rendered":"<p>Combinez fonctionnalit\u00e9 et marketing avec ce Paillasson personnalis\u00e9, parfait pour accueillir vos clients ! Avec diff\u00e9rentes tailles, vous \u00eates s\u00fbr de trouver le tapis d&#039;entr\u00e9e personnalis\u00e9 qui vous convient.<\/p>\n","protected":false},"featured_media":4994,"comment_status":"open","ping_status":"closed","template":"","meta":[],"product_brand":[],"product_cat":[118],"product_tag":[],"class_list":{"0":"post-4993","1":"product","2":"type-product","3":"status-publish","4":"has-post-thumbnail","6":"product_cat-autres-supports-exterieurs","8":"first","9":"instock","10":"taxable","11":"shipping-taxable","12":"product-type-simple"},"_links":{"self":[{"href":"https:\/\/www.printings-n.com\/fr_fr\/wp-json\/wp\/v2\/product\/4993","targetHints":{"allow":["GET"]}}],"collection":[{"href":"https:\/\/www.printings-n.com\/fr_fr\/wp-json\/wp\/v2\/product"}],"about":[{"href":"https:\/\/www.printings-n.com\/fr_fr\/wp-json\/wp\/v2\/types\/product"}],"replies":[{"embeddable":true,"href":"https:\/\/www.printings-n.com\/fr_fr\/wp-json\/wp\/v2\/comments?post=4993"}],"wp:featuredmedia":[{"embeddable":true,"href":"https:\/\/www.printings-n.com\/fr_fr\/wp-json\/wp\/v2\/media\/4994"}],"wp:attachment":[{"href":"https:\/\/www.printings-n.com\/fr_fr\/wp-json\/wp\/v2\/media?parent=4993"}],"wp:term":[{"taxonomy":"product_brand","embeddable":true,"href":"https:\/\/www.printings-n.com\/fr_fr\/wp-json\/wp\/v2\/product_brand?post=4993"},{"taxonomy":"product_cat","embeddable":true,"href":"https:\/\/www.printings-n.com\/fr_fr\/wp-json\/wp\/v2\/product_cat?post=4993"},{"taxonomy":"product_tag","embeddable":true,"href":"https:\/\/www.printings-n.com\/fr_fr\/wp-json\/wp\/v2\/product_tag?post=4993"}],"curies":[{"name":"wp","href":"https:\/\/api.w.org\/{rel}","templated":true}]}}