{"id":4991,"date":"2024-12-01T17:19:06","date_gmt":"2024-12-01T17:19:06","guid":{"rendered":"https:\/\/www.printings-n.com\/produit\/boite-aux-lettres-treemore-arbres-treemoreletterbox\/"},"modified":"2024-12-01T17:19:06","modified_gmt":"2024-12-01T17:19:06","slug":"boite-aux-lettres-treemore-arbres-treemoreletterbox","status":"publish","type":"product","link":"https:\/\/www.printings-n.com\/fr_fr\/produit\/boite-aux-lettres-treemore-arbres-treemoreletterbox\/","title":{"rendered":"Bo\u00eete aux lettres Treemore Arbres"},"content":{"rendered":"<p>Ayez la main verte depuis le confort de votre maison gr\u00e2ce \u00e0 ces arbres faciles \u00e0 envoyer par la poste ! Provenant de p\u00e9pini\u00e8res hollandaises, ces petits arbres sont pr\u00eats \u00e0 pousser d\u00e8s leur sortie de la bo\u00eete dans leur pot en fibre d&#039;herbe \u00e0 \u00e9l\u00e9phant. Ils sont parfaits pour tous ceux qui souhaitent ajouter un peu de nature \u00e0 leur espace sans se prendre la t\u00eate. Chaque arbre est accompagn\u00e9 d&#039;un emballage certifi\u00e9 FSC, 100 % recyclable, et d&#039;un livret d&#039;information. C&#039;est un cadeau unique qui ne cesse d&#039;\u00eatre offert et qui rend les maisons et la plan\u00e8te un peu plus vertes.<\/p>\n","protected":false},"excerpt":{"rendered":"<p>Ayez la main verte depuis le confort de votre maison gr\u00e2ce \u00e0 ces arbres faciles \u00e0 envoyer par la poste ! Provenant de p\u00e9pini\u00e8res hollandaises, ces petits arbres sont pr\u00eats \u00e0 pousser d\u00e8s leur sortie de la bo\u00eete dans leur pot en fibre d&#039;herbe \u00e0 \u00e9l\u00e9phant. Ils sont parfaits pour tous ceux qui souhaitent ajouter [&hellip;]<\/p>\n","protected":false},"featured_media":4992,"comment_status":"open","ping_status":"closed","template":"","meta":[],"product_brand":[],"product_cat":[118],"product_tag":[],"class_list":{"0":"post-4991","1":"product","2":"type-product","3":"status-publish","4":"has-post-thumbnail","6":"product_cat-autres-supports-exterieurs","8":"first","9":"instock","10":"taxable","11":"shipping-taxable","12":"product-type-simple"},"_links":{"self":[{"href":"https:\/\/www.printings-n.com\/fr_fr\/wp-json\/wp\/v2\/product\/4991","targetHints":{"allow":["GET"]}}],"collection":[{"href":"https:\/\/www.printings-n.com\/fr_fr\/wp-json\/wp\/v2\/product"}],"about":[{"href":"https:\/\/www.printings-n.com\/fr_fr\/wp-json\/wp\/v2\/types\/product"}],"replies":[{"embeddable":true,"href":"https:\/\/www.printings-n.com\/fr_fr\/wp-json\/wp\/v2\/comments?post=4991"}],"wp:featuredmedia":[{"embeddable":true,"href":"https:\/\/www.printings-n.com\/fr_fr\/wp-json\/wp\/v2\/media\/4992"}],"wp:attachment":[{"href":"https:\/\/www.printings-n.com\/fr_fr\/wp-json\/wp\/v2\/media?parent=4991"}],"wp:term":[{"taxonomy":"product_brand","embeddable":true,"href":"https:\/\/www.printings-n.com\/fr_fr\/wp-json\/wp\/v2\/product_brand?post=4991"},{"taxonomy":"product_cat","embeddable":true,"href":"https:\/\/www.printings-n.com\/fr_fr\/wp-json\/wp\/v2\/product_cat?post=4991"},{"taxonomy":"product_tag","embeddable":true,"href":"https:\/\/www.printings-n.com\/fr_fr\/wp-json\/wp\/v2\/product_tag?post=4991"}],"curies":[{"name":"wp","href":"https:\/\/api.w.org\/{rel}","templated":true}]}}