{"id":4981,"date":"2024-12-01T17:18:47","date_gmt":"2024-12-01T17:18:47","guid":{"rendered":"https:\/\/www.printings-n.com\/produit\/raquettes-de-plage-beachtennisbeachgame\/"},"modified":"2024-12-01T17:18:47","modified_gmt":"2024-12-01T17:18:47","slug":"raquettes-de-plage-beachtennisbeachgame","status":"publish","type":"product","link":"https:\/\/www.printings-n.com\/fr_fr\/produit\/raquettes-de-plage-beachtennisbeachgame\/","title":{"rendered":"Raquettes de plage"},"content":{"rendered":"<p>Faire la promotion de son entreprise tout en s\u2019amusant, c\u2019est possible ? Oui, avec les raquettes de plage imprim\u00e9es avec votre logo, slogan ou message publicitaire, c&#039;est possible ! Offrez un moment convivial et sportif \u00e0 vos employ\u00e9s, adh\u00e9rents, clients et donnez une image dynamique, active et fun \u00e0 votre entreprise ou association. Ce set comprend 2 raquettes en bois, une petite balle en caoutchouc et un sac de transport pratique pour en profiter !<\/p>\n","protected":false},"excerpt":{"rendered":"<p>Faire la promotion de son entreprise tout en s\u2019amusant, c\u2019est possible ? Oui, avec les raquettes de plage imprim\u00e9es avec votre logo, slogan ou message publicitaire, c&#039;est possible ! Offrez un moment convivial et sportif \u00e0 vos employ\u00e9s, adh\u00e9rents, clients et donnez une image dynamique, active et fun \u00e0 votre entreprise ou association. Ce set [&hellip;]<\/p>\n","protected":false},"featured_media":4982,"comment_status":"open","ping_status":"closed","template":"","meta":[],"product_brand":[],"product_cat":[118],"product_tag":[],"class_list":{"0":"post-4981","1":"product","2":"type-product","3":"status-publish","4":"has-post-thumbnail","6":"product_cat-autres-supports-exterieurs","8":"first","9":"instock","10":"taxable","11":"shipping-taxable","12":"product-type-simple"},"_links":{"self":[{"href":"https:\/\/www.printings-n.com\/fr_fr\/wp-json\/wp\/v2\/product\/4981","targetHints":{"allow":["GET"]}}],"collection":[{"href":"https:\/\/www.printings-n.com\/fr_fr\/wp-json\/wp\/v2\/product"}],"about":[{"href":"https:\/\/www.printings-n.com\/fr_fr\/wp-json\/wp\/v2\/types\/product"}],"replies":[{"embeddable":true,"href":"https:\/\/www.printings-n.com\/fr_fr\/wp-json\/wp\/v2\/comments?post=4981"}],"wp:featuredmedia":[{"embeddable":true,"href":"https:\/\/www.printings-n.com\/fr_fr\/wp-json\/wp\/v2\/media\/4982"}],"wp:attachment":[{"href":"https:\/\/www.printings-n.com\/fr_fr\/wp-json\/wp\/v2\/media?parent=4981"}],"wp:term":[{"taxonomy":"product_brand","embeddable":true,"href":"https:\/\/www.printings-n.com\/fr_fr\/wp-json\/wp\/v2\/product_brand?post=4981"},{"taxonomy":"product_cat","embeddable":true,"href":"https:\/\/www.printings-n.com\/fr_fr\/wp-json\/wp\/v2\/product_cat?post=4981"},{"taxonomy":"product_tag","embeddable":true,"href":"https:\/\/www.printings-n.com\/fr_fr\/wp-json\/wp\/v2\/product_tag?post=4981"}],"curies":[{"name":"wp","href":"https:\/\/api.w.org\/{rel}","templated":true}]}}