{"id":4936,"date":"2024-12-01T17:12:32","date_gmt":"2024-12-01T17:12:32","guid":{"rendered":"https:\/\/www.printings-n.com\/produit\/etiquettes-en-rouleau-simple-labelsonrollnodispenser\/"},"modified":"2024-12-01T17:12:33","modified_gmt":"2024-12-01T17:12:33","slug":"etiquettes-en-rouleau-simple-labelsonrollnodispenser","status":"publish","type":"product","link":"https:\/\/www.printings-n.com\/fr_fr\/produit\/etiquettes-en-rouleau-simple-labelsonrollnodispenser\/","title":{"rendered":"\u00c9tiquettes en rouleau simple"},"content":{"rendered":"<p>Les \u00c9tiquettes en rouleau simple d&#039;[site_name] sont parfaites pour \u00e9tiqueter des surfaces plates et des bouteilles et peuvent \u00eatre appliqu\u00e9es manuellement ou \u00e0 l&#039;aide d&#039;\u00e9tiqueteuse m\u00e9canique. Vous avez le choix parmi 3 mat\u00e9riaux diff\u00e9rents, y compris une option \u00e9co-responsable en papier recycl\u00e9 sans bois. Si vous souhaitez utiliser une \u00e9tiqueteuse, vous pouvez s\u00e9lectionner quelques options suppl\u00e9mentaires, notamment la largeur du rouleau et le sens des \u00e9tiquettes.<br \/>\n&lt;br&gt;&lt;br&gt;<br \/>\nSi vous \u00eates int\u00e9ress\u00e9 par des options suppl\u00e9mentaires telles que les formes, les finitions ou les quantit\u00e9s, n&#039;h\u00e9sitez pas \u00e0 nous contacter !<\/p>\n","protected":false},"excerpt":{"rendered":"<p>Les \u00c9tiquettes en rouleau simple d&#039;[site_name] sont parfaites pour \u00e9tiqueter des surfaces plates et des bouteilles et peuvent \u00eatre appliqu\u00e9es manuellement ou \u00e0 l&#039;aide d&#039;\u00e9tiqueteuse m\u00e9canique. Vous avez le choix parmi 3 mat\u00e9riaux diff\u00e9rents, y compris une option \u00e9co-responsable en papier recycl\u00e9 sans bois. Si vous souhaitez utiliser une \u00e9tiqueteuse, vous pouvez s\u00e9lectionner quelques options [&hellip;]<\/p>\n","protected":false},"featured_media":4937,"comment_status":"open","ping_status":"closed","template":"","meta":[],"product_brand":[],"product_cat":[116],"product_tag":[],"class_list":{"0":"post-4936","1":"product","2":"type-product","3":"status-publish","4":"has-post-thumbnail","6":"product_cat-etiquettes-en-rouleau","8":"first","9":"instock","10":"taxable","11":"shipping-taxable","12":"product-type-simple"},"_links":{"self":[{"href":"https:\/\/www.printings-n.com\/fr_fr\/wp-json\/wp\/v2\/product\/4936","targetHints":{"allow":["GET"]}}],"collection":[{"href":"https:\/\/www.printings-n.com\/fr_fr\/wp-json\/wp\/v2\/product"}],"about":[{"href":"https:\/\/www.printings-n.com\/fr_fr\/wp-json\/wp\/v2\/types\/product"}],"replies":[{"embeddable":true,"href":"https:\/\/www.printings-n.com\/fr_fr\/wp-json\/wp\/v2\/comments?post=4936"}],"wp:featuredmedia":[{"embeddable":true,"href":"https:\/\/www.printings-n.com\/fr_fr\/wp-json\/wp\/v2\/media\/4937"}],"wp:attachment":[{"href":"https:\/\/www.printings-n.com\/fr_fr\/wp-json\/wp\/v2\/media?parent=4936"}],"wp:term":[{"taxonomy":"product_brand","embeddable":true,"href":"https:\/\/www.printings-n.com\/fr_fr\/wp-json\/wp\/v2\/product_brand?post=4936"},{"taxonomy":"product_cat","embeddable":true,"href":"https:\/\/www.printings-n.com\/fr_fr\/wp-json\/wp\/v2\/product_cat?post=4936"},{"taxonomy":"product_tag","embeddable":true,"href":"https:\/\/www.printings-n.com\/fr_fr\/wp-json\/wp\/v2\/product_tag?post=4936"}],"curies":[{"name":"wp","href":"https:\/\/api.w.org\/{rel}","templated":true}]}}