{"id":4934,"date":"2024-12-01T17:12:30","date_gmt":"2024-12-01T17:12:30","guid":{"rendered":"https:\/\/www.printings-n.com\/produit\/etiquettes-en-kraft-labelsonrollkraft\/"},"modified":"2024-12-01T17:12:31","modified_gmt":"2024-12-01T17:12:31","slug":"etiquettes-en-kraft-labelsonrollkraft","status":"publish","type":"product","link":"https:\/\/www.printings-n.com\/fr_fr\/produit\/etiquettes-en-kraft-labelsonrollkraft\/","title":{"rendered":"\u00c9tiquettes en Kraft"},"content":{"rendered":"<p>Les \u00c9tiquettes en Kraft d&#039;[site_name] vous assurent une communication \u00e0 l&#039;apparence r\u00e9tro mais assur\u00e9ment tendance ! Ces \u00e9tiquettes personnalis\u00e9es sont imprim\u00e9es sur un papier Kraft de 83 grammes et ont une couche d&#039;adh\u00e9sif de qualit\u00e9, ainsi elles seront coll\u00e9es durablement mais seront aussi facilement d\u00e9collables. Toutes nos \u00e9tiquettes autocollantes sont fournies avec un distributeur en carton, pratique pour les conserver et vous en servir !<\/p>\n","protected":false},"excerpt":{"rendered":"<p>Les \u00c9tiquettes en Kraft d&#039;[site_name] vous assurent une communication \u00e0 l&#039;apparence r\u00e9tro mais assur\u00e9ment tendance ! Ces \u00e9tiquettes personnalis\u00e9es sont imprim\u00e9es sur un papier Kraft de 83 grammes et ont une couche d&#039;adh\u00e9sif de qualit\u00e9, ainsi elles seront coll\u00e9es durablement mais seront aussi facilement d\u00e9collables. Toutes nos \u00e9tiquettes autocollantes sont fournies avec un distributeur en [&hellip;]<\/p>\n","protected":false},"featured_media":4935,"comment_status":"open","ping_status":"closed","template":"","meta":[],"product_brand":[],"product_cat":[116],"product_tag":[],"class_list":{"0":"post-4934","1":"product","2":"type-product","3":"status-publish","4":"has-post-thumbnail","6":"product_cat-etiquettes-en-rouleau","8":"first","9":"instock","10":"taxable","11":"shipping-taxable","12":"product-type-simple"},"_links":{"self":[{"href":"https:\/\/www.printings-n.com\/fr_fr\/wp-json\/wp\/v2\/product\/4934","targetHints":{"allow":["GET"]}}],"collection":[{"href":"https:\/\/www.printings-n.com\/fr_fr\/wp-json\/wp\/v2\/product"}],"about":[{"href":"https:\/\/www.printings-n.com\/fr_fr\/wp-json\/wp\/v2\/types\/product"}],"replies":[{"embeddable":true,"href":"https:\/\/www.printings-n.com\/fr_fr\/wp-json\/wp\/v2\/comments?post=4934"}],"wp:featuredmedia":[{"embeddable":true,"href":"https:\/\/www.printings-n.com\/fr_fr\/wp-json\/wp\/v2\/media\/4935"}],"wp:attachment":[{"href":"https:\/\/www.printings-n.com\/fr_fr\/wp-json\/wp\/v2\/media?parent=4934"}],"wp:term":[{"taxonomy":"product_brand","embeddable":true,"href":"https:\/\/www.printings-n.com\/fr_fr\/wp-json\/wp\/v2\/product_brand?post=4934"},{"taxonomy":"product_cat","embeddable":true,"href":"https:\/\/www.printings-n.com\/fr_fr\/wp-json\/wp\/v2\/product_cat?post=4934"},{"taxonomy":"product_tag","embeddable":true,"href":"https:\/\/www.printings-n.com\/fr_fr\/wp-json\/wp\/v2\/product_tag?post=4934"}],"curies":[{"name":"wp","href":"https:\/\/api.w.org\/{rel}","templated":true}]}}