{"id":4932,"date":"2024-12-01T17:12:28","date_gmt":"2024-12-01T17:12:28","guid":{"rendered":"https:\/\/www.printings-n.com\/produit\/etiquettes-autocollantes-inscriptibles-labelsonrollwritable\/"},"modified":"2024-12-01T17:12:29","modified_gmt":"2024-12-01T17:12:29","slug":"etiquettes-autocollantes-inscriptibles-labelsonrollwritable","status":"publish","type":"product","link":"https:\/\/www.printings-n.com\/fr_fr\/produit\/etiquettes-autocollantes-inscriptibles-labelsonrollwritable\/","title":{"rendered":"\u00c9tiquettes autocollantes inscriptibles"},"content":{"rendered":"<p>Les \u00c9tiquettes autocollantes inscriptibles de [site_name] sont la solution id\u00e9ale pour les \u00e9tiquettes inscriptibles en int\u00e9rieur ! Les \u00e9tiquettes ont un aspect mat gr\u00e2ce \u00e0 2 options de papier inscriptible et sont disponibles en quatre formes pratiques. Ces \u00e9tiquettes sont tr\u00e8s faciles \u00e0 d\u00e9coller et constituent d&#039;excellentes \u00e9tiquettes d&#039;emballage. Les \u00e9tiquettes inscriptibles sont livr\u00e9es avec une bo\u00eete distributrice pratique gratuite en carton qui prot\u00e8ge le produit.<\/p>\n","protected":false},"excerpt":{"rendered":"<p>Les \u00c9tiquettes autocollantes inscriptibles de [site_name] sont la solution id\u00e9ale pour les \u00e9tiquettes inscriptibles en int\u00e9rieur ! Les \u00e9tiquettes ont un aspect mat gr\u00e2ce \u00e0 2 options de papier inscriptible et sont disponibles en quatre formes pratiques. Ces \u00e9tiquettes sont tr\u00e8s faciles \u00e0 d\u00e9coller et constituent d&#039;excellentes \u00e9tiquettes d&#039;emballage. Les \u00e9tiquettes inscriptibles sont livr\u00e9es avec [&hellip;]<\/p>\n","protected":false},"featured_media":4933,"comment_status":"open","ping_status":"closed","template":"","meta":[],"product_brand":[],"product_cat":[116],"product_tag":[],"class_list":{"0":"post-4932","1":"product","2":"type-product","3":"status-publish","4":"has-post-thumbnail","6":"product_cat-etiquettes-en-rouleau","8":"first","9":"instock","10":"taxable","11":"shipping-taxable","12":"product-type-simple"},"_links":{"self":[{"href":"https:\/\/www.printings-n.com\/fr_fr\/wp-json\/wp\/v2\/product\/4932","targetHints":{"allow":["GET"]}}],"collection":[{"href":"https:\/\/www.printings-n.com\/fr_fr\/wp-json\/wp\/v2\/product"}],"about":[{"href":"https:\/\/www.printings-n.com\/fr_fr\/wp-json\/wp\/v2\/types\/product"}],"replies":[{"embeddable":true,"href":"https:\/\/www.printings-n.com\/fr_fr\/wp-json\/wp\/v2\/comments?post=4932"}],"wp:featuredmedia":[{"embeddable":true,"href":"https:\/\/www.printings-n.com\/fr_fr\/wp-json\/wp\/v2\/media\/4933"}],"wp:attachment":[{"href":"https:\/\/www.printings-n.com\/fr_fr\/wp-json\/wp\/v2\/media?parent=4932"}],"wp:term":[{"taxonomy":"product_brand","embeddable":true,"href":"https:\/\/www.printings-n.com\/fr_fr\/wp-json\/wp\/v2\/product_brand?post=4932"},{"taxonomy":"product_cat","embeddable":true,"href":"https:\/\/www.printings-n.com\/fr_fr\/wp-json\/wp\/v2\/product_cat?post=4932"},{"taxonomy":"product_tag","embeddable":true,"href":"https:\/\/www.printings-n.com\/fr_fr\/wp-json\/wp\/v2\/product_tag?post=4932"}],"curies":[{"name":"wp","href":"https:\/\/api.w.org\/{rel}","templated":true}]}}