{"id":4922,"date":"2024-12-01T17:12:09","date_gmt":"2024-12-01T17:12:09","guid":{"rendered":"https:\/\/www.printings-n.com\/produit\/etiquettes-alimentaires-en-rouleau-labelsonrollfoodsafe-2\/"},"modified":"2024-12-01T17:12:09","modified_gmt":"2024-12-01T17:12:09","slug":"etiquettes-alimentaires-en-rouleau-labelsonrollfoodsafe-2","status":"publish","type":"product","link":"https:\/\/www.printings-n.com\/fr_fr\/produit\/etiquettes-alimentaires-en-rouleau-labelsonrollfoodsafe-2\/","title":{"rendered":"\u00c9tiquettes alimentaires en rouleau"},"content":{"rendered":"<p>Une \u00e9tiquette personnalis\u00e9e, en couleur, en rouleau, que vous pouvez coller directement sur les aliments avec ou sans \u00e9tiqueteuse. Par exemple, si vous souhaitez ajouter des informations nutritionnelles \u00e0 votre contenu, des prix ou m\u00eame un code-barres. Ces \u00e9tiquettes alimentaires ont une colle sans danger pour les aliments et sont conformes au r\u00e8glement europ\u00e9en n\u00b0 1935\/2004\/CE pour les denr\u00e9es alimentaires.<\/p>\n","protected":false},"excerpt":{"rendered":"<p>Une \u00e9tiquette personnalis\u00e9e, en couleur, en rouleau, que vous pouvez coller directement sur les aliments avec ou sans \u00e9tiqueteuse. Par exemple, si vous souhaitez ajouter des informations nutritionnelles \u00e0 votre contenu, des prix ou m\u00eame un code-barres. Ces \u00e9tiquettes alimentaires ont une colle sans danger pour les aliments et sont conformes au r\u00e8glement europ\u00e9en n\u00b0 [&hellip;]<\/p>\n","protected":false},"featured_media":4923,"comment_status":"open","ping_status":"closed","template":"","meta":[],"product_brand":[],"product_cat":[116],"product_tag":[],"class_list":{"0":"post-4922","1":"product","2":"type-product","3":"status-publish","4":"has-post-thumbnail","6":"product_cat-etiquettes-en-rouleau","8":"first","9":"instock","10":"taxable","11":"shipping-taxable","12":"product-type-simple"},"_links":{"self":[{"href":"https:\/\/www.printings-n.com\/fr_fr\/wp-json\/wp\/v2\/product\/4922","targetHints":{"allow":["GET"]}}],"collection":[{"href":"https:\/\/www.printings-n.com\/fr_fr\/wp-json\/wp\/v2\/product"}],"about":[{"href":"https:\/\/www.printings-n.com\/fr_fr\/wp-json\/wp\/v2\/types\/product"}],"replies":[{"embeddable":true,"href":"https:\/\/www.printings-n.com\/fr_fr\/wp-json\/wp\/v2\/comments?post=4922"}],"wp:featuredmedia":[{"embeddable":true,"href":"https:\/\/www.printings-n.com\/fr_fr\/wp-json\/wp\/v2\/media\/4923"}],"wp:attachment":[{"href":"https:\/\/www.printings-n.com\/fr_fr\/wp-json\/wp\/v2\/media?parent=4922"}],"wp:term":[{"taxonomy":"product_brand","embeddable":true,"href":"https:\/\/www.printings-n.com\/fr_fr\/wp-json\/wp\/v2\/product_brand?post=4922"},{"taxonomy":"product_cat","embeddable":true,"href":"https:\/\/www.printings-n.com\/fr_fr\/wp-json\/wp\/v2\/product_cat?post=4922"},{"taxonomy":"product_tag","embeddable":true,"href":"https:\/\/www.printings-n.com\/fr_fr\/wp-json\/wp\/v2\/product_tag?post=4922"}],"curies":[{"name":"wp","href":"https:\/\/api.w.org\/{rel}","templated":true}]}}