{"id":4916,"date":"2024-12-01T17:11:55","date_gmt":"2024-12-01T17:11:55","guid":{"rendered":"https:\/\/www.printings-n.com\/produit\/etiquettes-ecologiques-sur-mesure-en-rouleau-labelsonrollecoownsize\/"},"modified":"2024-12-01T17:11:56","modified_gmt":"2024-12-01T17:11:56","slug":"etiquettes-ecologiques-sur-mesure-en-rouleau-labelsonrollecoownsize","status":"publish","type":"product","link":"https:\/\/www.printings-n.com\/fr_fr\/produit\/etiquettes-ecologiques-sur-mesure-en-rouleau-labelsonrollecoownsize\/","title":{"rendered":"\u00c9tiquettes \u00e9cologiques sur mesure en rouleau"},"content":{"rendered":"<p>Si vous recherchez une fa\u00e7on durable de promouvoir votre marque, nos \u00e9tiquettes \u00e9co-responsables sur mesure sont la solution parfaite ! Con\u00e7ues \u00e0 partir de mat\u00e9riaux durables et \u00e9cologiques, nos \u00e9tiquettes sont un excellent moyen de r\u00e9duire votre empreinte carbone tout en vous d\u00e9marquant. Gr\u00e2ce \u00e0 elles, vous aidez la plan\u00e8te tout en donnant \u00e0 votre marque une identit\u00e9 unique et \u00e9co-responsable.<br \/>\n&lt;br&gt;&lt;br&gt;<br \/>\nNote: Les \u00c9tiquettes \u00e9cologiques sur mesure en rouleau ne peuvent pas \u00eatre coll\u00e9s sur n&#039;importe quelle surface. Ils sont uniquement compatibles avec des surfaces planes telles que le verre, l&#039;aluminium, le PMMA, le PC et l&#039;ABS et de pr\u00e9f\u00e9rence propres et non granuleuses.<\/p>\n","protected":false},"excerpt":{"rendered":"<p>Si vous recherchez une fa\u00e7on durable de promouvoir votre marque, nos \u00e9tiquettes \u00e9co-responsables sur mesure sont la solution parfaite ! Con\u00e7ues \u00e0 partir de mat\u00e9riaux durables et \u00e9cologiques, nos \u00e9tiquettes sont un excellent moyen de r\u00e9duire votre empreinte carbone tout en vous d\u00e9marquant. Gr\u00e2ce \u00e0 elles, vous aidez la plan\u00e8te tout en donnant \u00e0 votre [&hellip;]<\/p>\n","protected":false},"featured_media":4917,"comment_status":"open","ping_status":"closed","template":"","meta":[],"product_brand":[],"product_cat":[116],"product_tag":[],"class_list":{"0":"post-4916","1":"product","2":"type-product","3":"status-publish","4":"has-post-thumbnail","6":"product_cat-etiquettes-en-rouleau","8":"first","9":"instock","10":"taxable","11":"shipping-taxable","12":"product-type-simple"},"_links":{"self":[{"href":"https:\/\/www.printings-n.com\/fr_fr\/wp-json\/wp\/v2\/product\/4916","targetHints":{"allow":["GET"]}}],"collection":[{"href":"https:\/\/www.printings-n.com\/fr_fr\/wp-json\/wp\/v2\/product"}],"about":[{"href":"https:\/\/www.printings-n.com\/fr_fr\/wp-json\/wp\/v2\/types\/product"}],"replies":[{"embeddable":true,"href":"https:\/\/www.printings-n.com\/fr_fr\/wp-json\/wp\/v2\/comments?post=4916"}],"wp:featuredmedia":[{"embeddable":true,"href":"https:\/\/www.printings-n.com\/fr_fr\/wp-json\/wp\/v2\/media\/4917"}],"wp:attachment":[{"href":"https:\/\/www.printings-n.com\/fr_fr\/wp-json\/wp\/v2\/media?parent=4916"}],"wp:term":[{"taxonomy":"product_brand","embeddable":true,"href":"https:\/\/www.printings-n.com\/fr_fr\/wp-json\/wp\/v2\/product_brand?post=4916"},{"taxonomy":"product_cat","embeddable":true,"href":"https:\/\/www.printings-n.com\/fr_fr\/wp-json\/wp\/v2\/product_cat?post=4916"},{"taxonomy":"product_tag","embeddable":true,"href":"https:\/\/www.printings-n.com\/fr_fr\/wp-json\/wp\/v2\/product_tag?post=4916"}],"curies":[{"name":"wp","href":"https:\/\/api.w.org\/{rel}","templated":true}]}}