{"id":4904,"date":"2024-12-01T10:50:01","date_gmt":"2024-12-01T10:50:01","guid":{"rendered":"https:\/\/www.printings-n.com\/produit\/stickers-lettres-letteringstickers\/"},"modified":"2024-12-01T10:50:02","modified_gmt":"2024-12-01T10:50:02","slug":"stickers-lettres-letteringstickers","status":"publish","type":"product","link":"https:\/\/www.printings-n.com\/fr_fr\/produit\/stickers-lettres-letteringstickers\/","title":{"rendered":"Stickers lettres"},"content":{"rendered":"<p>Nos autocollants de lettrage personnalis\u00e9s sont un excellent moyen d&#039;ajouter une touche unique \u00e0 n&#039;importe quelle surface. Fabriqu\u00e9s en vinyle de haute qualit\u00e9, ces autocollants sont tr\u00e8s r\u00e9sistants et durables. Ils peuvent \u00eatre imprim\u00e9s en couleur avec le texte ou le motif de votre choix. Ils sont parfaits pour d\u00e9corer les murs de votre bureau ou de votre maison ! Vous pouvez envoyer votre design avec autant de lettres et de chiffres que vous le souhaitez avec votre typographie pr\u00e9f\u00e9r\u00e9e. Ils seront imprim\u00e9s en quadrichromie et d\u00e9coup\u00e9s individuellement.<br \/>\n&lt;br&gt;&lt;br&gt;<br \/>\nNote : Comme la base de ces autocollants est blanche, les \u00e9l\u00e9ments transparents de votre visuel seront \u00e9galement blancs.<\/p>\n","protected":false},"excerpt":{"rendered":"<p>Nos autocollants de lettrage personnalis\u00e9s sont un excellent moyen d&#039;ajouter une touche unique \u00e0 n&#039;importe quelle surface. Fabriqu\u00e9s en vinyle de haute qualit\u00e9, ces autocollants sont tr\u00e8s r\u00e9sistants et durables. Ils peuvent \u00eatre imprim\u00e9s en couleur avec le texte ou le motif de votre choix. Ils sont parfaits pour d\u00e9corer les murs de votre bureau [&hellip;]<\/p>\n","protected":false},"featured_media":4905,"comment_status":"open","ping_status":"closed","template":"","meta":[],"product_brand":[],"product_cat":[115],"product_tag":[],"class_list":{"0":"post-4904","1":"product","2":"type-product","3":"status-publish","4":"has-post-thumbnail","6":"product_cat-etiquettes-en-feuille","8":"first","9":"instock","10":"taxable","11":"shipping-taxable","12":"product-type-simple"},"_links":{"self":[{"href":"https:\/\/www.printings-n.com\/fr_fr\/wp-json\/wp\/v2\/product\/4904","targetHints":{"allow":["GET"]}}],"collection":[{"href":"https:\/\/www.printings-n.com\/fr_fr\/wp-json\/wp\/v2\/product"}],"about":[{"href":"https:\/\/www.printings-n.com\/fr_fr\/wp-json\/wp\/v2\/types\/product"}],"replies":[{"embeddable":true,"href":"https:\/\/www.printings-n.com\/fr_fr\/wp-json\/wp\/v2\/comments?post=4904"}],"wp:featuredmedia":[{"embeddable":true,"href":"https:\/\/www.printings-n.com\/fr_fr\/wp-json\/wp\/v2\/media\/4905"}],"wp:attachment":[{"href":"https:\/\/www.printings-n.com\/fr_fr\/wp-json\/wp\/v2\/media?parent=4904"}],"wp:term":[{"taxonomy":"product_brand","embeddable":true,"href":"https:\/\/www.printings-n.com\/fr_fr\/wp-json\/wp\/v2\/product_brand?post=4904"},{"taxonomy":"product_cat","embeddable":true,"href":"https:\/\/www.printings-n.com\/fr_fr\/wp-json\/wp\/v2\/product_cat?post=4904"},{"taxonomy":"product_tag","embeddable":true,"href":"https:\/\/www.printings-n.com\/fr_fr\/wp-json\/wp\/v2\/product_tag?post=4904"}],"curies":[{"name":"wp","href":"https:\/\/api.w.org\/{rel}","templated":true}]}}