{"id":4882,"date":"2024-12-01T10:48:49","date_gmt":"2024-12-01T10:48:49","guid":{"rendered":"https:\/\/www.printings-n.com\/produit\/sticker-bumper-pare-choc-bumperstickers\/"},"modified":"2024-12-01T10:48:50","modified_gmt":"2024-12-01T10:48:50","slug":"sticker-bumper-pare-choc-bumperstickers","status":"publish","type":"product","link":"https:\/\/www.printings-n.com\/fr_fr\/produit\/sticker-bumper-pare-choc-bumperstickers\/","title":{"rendered":"Sticker bumper pare-choc"},"content":{"rendered":"<p>D\u00e9couvrez nos stickers bumper pour pare-choc personnalis\u00e9s, fabriqu\u00e9s en vinyle de haute qualit\u00e9 et con\u00e7us pour r\u00e9sister \u00e0 l&#039;usure de la route ! Disponibles en trois formats et avec un choix de pelliculage mat ou brillant, ces autocollants sont parfaits pour ajouter une touche personnelle \u00e0 votre v\u00e9hicule. Gr\u00e2ce au mat\u00e9riau durable sp\u00e9cialement con\u00e7u pour les v\u00e9hicules et aux adh\u00e9sifs r\u00e9sistants, ces autocollants r\u00e9sistent au d\u00e9collage. Personnalisez votre sticker bumper pour pare-choc d\u00e8s maintenant en toute facilit\u00e9 avec [site_name] !<\/p>\n","protected":false},"excerpt":{"rendered":"<p>D\u00e9couvrez nos stickers bumper pour pare-choc personnalis\u00e9s, fabriqu\u00e9s en vinyle de haute qualit\u00e9 et con\u00e7us pour r\u00e9sister \u00e0 l&#039;usure de la route ! Disponibles en trois formats et avec un choix de pelliculage mat ou brillant, ces autocollants sont parfaits pour ajouter une touche personnelle \u00e0 votre v\u00e9hicule. Gr\u00e2ce au mat\u00e9riau durable sp\u00e9cialement con\u00e7u pour [&hellip;]<\/p>\n","protected":false},"featured_media":4883,"comment_status":"open","ping_status":"closed","template":"","meta":[],"product_brand":[],"product_cat":[115],"product_tag":[],"class_list":{"0":"post-4882","1":"product","2":"type-product","3":"status-publish","4":"has-post-thumbnail","6":"product_cat-etiquettes-en-feuille","8":"first","9":"instock","10":"taxable","11":"shipping-taxable","12":"product-type-simple"},"_links":{"self":[{"href":"https:\/\/www.printings-n.com\/fr_fr\/wp-json\/wp\/v2\/product\/4882","targetHints":{"allow":["GET"]}}],"collection":[{"href":"https:\/\/www.printings-n.com\/fr_fr\/wp-json\/wp\/v2\/product"}],"about":[{"href":"https:\/\/www.printings-n.com\/fr_fr\/wp-json\/wp\/v2\/types\/product"}],"replies":[{"embeddable":true,"href":"https:\/\/www.printings-n.com\/fr_fr\/wp-json\/wp\/v2\/comments?post=4882"}],"wp:featuredmedia":[{"embeddable":true,"href":"https:\/\/www.printings-n.com\/fr_fr\/wp-json\/wp\/v2\/media\/4883"}],"wp:attachment":[{"href":"https:\/\/www.printings-n.com\/fr_fr\/wp-json\/wp\/v2\/media?parent=4882"}],"wp:term":[{"taxonomy":"product_brand","embeddable":true,"href":"https:\/\/www.printings-n.com\/fr_fr\/wp-json\/wp\/v2\/product_brand?post=4882"},{"taxonomy":"product_cat","embeddable":true,"href":"https:\/\/www.printings-n.com\/fr_fr\/wp-json\/wp\/v2\/product_cat?post=4882"},{"taxonomy":"product_tag","embeddable":true,"href":"https:\/\/www.printings-n.com\/fr_fr\/wp-json\/wp\/v2\/product_tag?post=4882"}],"curies":[{"name":"wp","href":"https:\/\/api.w.org\/{rel}","templated":true}]}}