{"id":4866,"date":"2024-12-01T09:51:17","date_gmt":"2024-12-01T09:51:17","guid":{"rendered":"https:\/\/www.printings-n.com\/produit\/parapluie-kyle-a-ouverture-automatique-kyle-2\/"},"modified":"2024-12-01T09:51:18","modified_gmt":"2024-12-01T09:51:18","slug":"parapluie-kyle-a-ouverture-automatique-kyle-2","status":"publish","type":"product","link":"https:\/\/www.printings-n.com\/fr_fr\/produit\/parapluie-kyle-a-ouverture-automatique-kyle-2\/","title":{"rendered":"Parapluie Kyle \u00e0 ouverture automatique"},"content":{"rendered":"<p>Si vous cherchez un parapluie \u00e9l\u00e9gant, Parapluie Kyle \u00e0 ouverture automatique est la r\u00e9ponse. Le syst\u00e8me automatique permet d&#039;ouvrir le parapluie en un seul clic. De plus, le parapluie se compose de baleines en m\u00e9tal et d&#039;un \u00e9l\u00e9gant manche et d&#039;une poign\u00e9e en bois.<\/p>\n","protected":false},"excerpt":{"rendered":"<p>Si vous cherchez un parapluie \u00e9l\u00e9gant, Parapluie Kyle \u00e0 ouverture automatique est la r\u00e9ponse. Le syst\u00e8me automatique permet d&#039;ouvrir le parapluie en un seul clic. De plus, le parapluie se compose de baleines en m\u00e9tal et d&#039;un \u00e9l\u00e9gant manche et d&#039;une poign\u00e9e en bois.<\/p>\n","protected":false},"featured_media":4867,"comment_status":"open","ping_status":"closed","template":"","meta":[],"product_brand":[],"product_cat":[114],"product_tag":[],"class_list":{"0":"post-4866","1":"product","2":"type-product","3":"status-publish","4":"has-post-thumbnail","6":"product_cat-loisirs-en-exterieur","8":"first","9":"instock","10":"taxable","11":"shipping-taxable","12":"product-type-simple"},"_links":{"self":[{"href":"https:\/\/www.printings-n.com\/fr_fr\/wp-json\/wp\/v2\/product\/4866","targetHints":{"allow":["GET"]}}],"collection":[{"href":"https:\/\/www.printings-n.com\/fr_fr\/wp-json\/wp\/v2\/product"}],"about":[{"href":"https:\/\/www.printings-n.com\/fr_fr\/wp-json\/wp\/v2\/types\/product"}],"replies":[{"embeddable":true,"href":"https:\/\/www.printings-n.com\/fr_fr\/wp-json\/wp\/v2\/comments?post=4866"}],"wp:featuredmedia":[{"embeddable":true,"href":"https:\/\/www.printings-n.com\/fr_fr\/wp-json\/wp\/v2\/media\/4867"}],"wp:attachment":[{"href":"https:\/\/www.printings-n.com\/fr_fr\/wp-json\/wp\/v2\/media?parent=4866"}],"wp:term":[{"taxonomy":"product_brand","embeddable":true,"href":"https:\/\/www.printings-n.com\/fr_fr\/wp-json\/wp\/v2\/product_brand?post=4866"},{"taxonomy":"product_cat","embeddable":true,"href":"https:\/\/www.printings-n.com\/fr_fr\/wp-json\/wp\/v2\/product_cat?post=4866"},{"taxonomy":"product_tag","embeddable":true,"href":"https:\/\/www.printings-n.com\/fr_fr\/wp-json\/wp\/v2\/product_tag?post=4866"}],"curies":[{"name":"wp","href":"https:\/\/api.w.org\/{rel}","templated":true}]}}