{"id":4852,"date":"2024-12-01T09:50:54","date_gmt":"2024-12-01T09:50:54","guid":{"rendered":"https:\/\/www.printings-n.com\/produit\/parapluie-xl-coupe-vent-30impactawaretrpet190tstormproofumbrella-2\/"},"modified":"2024-12-01T09:50:55","modified_gmt":"2024-12-01T09:50:55","slug":"parapluie-xl-coupe-vent-30impactawaretrpet190tstormproofumbrella-2","status":"publish","type":"product","link":"https:\/\/www.printings-n.com\/fr_fr\/produit\/parapluie-xl-coupe-vent-30impactawaretrpet190tstormproofumbrella-2\/","title":{"rendered":"Parapluie temp\u00eate XL"},"content":{"rendered":"<p>Ce Parapluie temp\u00eate XL est fabriqu\u00e9 en pong\u00e9 190T RPET respectueux de l&#039;environnement avec le tra\u00e7age AWARE\u2122, garantissant des mat\u00e9riaux authentiquement recycl\u00e9s et une r\u00e9duction de l&#039;impact sur l&#039;eau. Avec une envergure de 30 pouces, ce parapluie manuel est votre compagnon ultime contre les temp\u00eates. Poign\u00e9e confortable en EVA, cadre robuste en fibre de verre et baleines. Il est r\u00e9sistant aux temp\u00eates, respectueux de l&#039;environnement, et chaque auvent permet d&#039;\u00e9conomiser 7 litres d&#039;eau, fabriqu\u00e9 \u00e0 partir de 11,8 bouteilles PET .<\/p>\n","protected":false},"excerpt":{"rendered":"<p>Ce Parapluie temp\u00eate XL est fabriqu\u00e9 en pong\u00e9 190T RPET respectueux de l&#039;environnement avec le tra\u00e7age AWARE\u2122, garantissant des mat\u00e9riaux authentiquement recycl\u00e9s et une r\u00e9duction de l&#039;impact sur l&#039;eau. Avec une envergure de 30 pouces, ce parapluie manuel est votre compagnon ultime contre les temp\u00eates. Poign\u00e9e confortable en EVA, cadre robuste en fibre de verre [&hellip;]<\/p>\n","protected":false},"featured_media":4853,"comment_status":"open","ping_status":"closed","template":"","meta":[],"product_brand":[],"product_cat":[114],"product_tag":[],"class_list":{"0":"post-4852","1":"product","2":"type-product","3":"status-publish","4":"has-post-thumbnail","6":"product_cat-loisirs-en-exterieur","8":"first","9":"instock","10":"taxable","11":"shipping-taxable","12":"product-type-simple"},"_links":{"self":[{"href":"https:\/\/www.printings-n.com\/fr_fr\/wp-json\/wp\/v2\/product\/4852","targetHints":{"allow":["GET"]}}],"collection":[{"href":"https:\/\/www.printings-n.com\/fr_fr\/wp-json\/wp\/v2\/product"}],"about":[{"href":"https:\/\/www.printings-n.com\/fr_fr\/wp-json\/wp\/v2\/types\/product"}],"replies":[{"embeddable":true,"href":"https:\/\/www.printings-n.com\/fr_fr\/wp-json\/wp\/v2\/comments?post=4852"}],"wp:featuredmedia":[{"embeddable":true,"href":"https:\/\/www.printings-n.com\/fr_fr\/wp-json\/wp\/v2\/media\/4853"}],"wp:attachment":[{"href":"https:\/\/www.printings-n.com\/fr_fr\/wp-json\/wp\/v2\/media?parent=4852"}],"wp:term":[{"taxonomy":"product_brand","embeddable":true,"href":"https:\/\/www.printings-n.com\/fr_fr\/wp-json\/wp\/v2\/product_brand?post=4852"},{"taxonomy":"product_cat","embeddable":true,"href":"https:\/\/www.printings-n.com\/fr_fr\/wp-json\/wp\/v2\/product_cat?post=4852"},{"taxonomy":"product_tag","embeddable":true,"href":"https:\/\/www.printings-n.com\/fr_fr\/wp-json\/wp\/v2\/product_tag?post=4852"}],"curies":[{"name":"wp","href":"https:\/\/api.w.org\/{rel}","templated":true}]}}