{"id":4778,"date":"2024-12-01T09:47:57","date_gmt":"2024-12-01T09:47:57","guid":{"rendered":"https:\/\/www.printings-n.com\/produit\/rcs-5000-mah-magnetic-powerbank-magnetixrcs5000mahmagneticpowerbank\/"},"modified":"2024-12-01T09:47:58","modified_gmt":"2024-12-01T09:47:58","slug":"rcs-5000-mah-magnetic-powerbank-magnetixrcs5000mahmagneticpowerbank","status":"publish","type":"product","link":"https:\/\/www.printings-n.com\/fr_fr\/produit\/rcs-5000-mah-magnetic-powerbank-magnetixrcs5000mahmagneticpowerbank\/","title":{"rendered":"RCS 5000 mah Magnetic Powerbank"},"content":{"rendered":"<p>Restez aliment\u00e9 lors de vos d\u00e9placements gr\u00e2ce \u00e0 ce powerbank compact de 5000 mAh, dot\u00e9 d&#039;un chargeur magn\u00e9tique sans fil de 5W. Envelopp\u00e9 dans du plastique ABS recycl\u00e9 certifi\u00e9 RCS, il n&#039;est pas seulement puissant, il est aussi respectueux de l&#039;environnement. Le powerbank est dot\u00e9 d&#039;une batterie lithium-polym\u00e8re de haute qualit\u00e9 de 5000 mAh pour une charge longue dur\u00e9e. Des indicateurs de puissance pratiques vous permettent de savoir quand il est temps de recharger. Il est dot\u00e9 d&#039;une entr\u00e9e  Type-C, garantissant une charge rapide de vos appareils. De plus, il est exempt de PVC et comprend un c\u00e2ble de charge en TPE recycl\u00e9 certifi\u00e9 RCS, ce qui en fait un choix responsable pour les personnes sensibles \u00e0 la technologie.<\/p>\n","protected":false},"excerpt":{"rendered":"<p>Restez aliment\u00e9 lors de vos d\u00e9placements gr\u00e2ce \u00e0 ce powerbank compact de 5000 mAh, dot\u00e9 d&#039;un chargeur magn\u00e9tique sans fil de 5W. Envelopp\u00e9 dans du plastique ABS recycl\u00e9 certifi\u00e9 RCS, il n&#039;est pas seulement puissant, il est aussi respectueux de l&#039;environnement. Le powerbank est dot\u00e9 d&#039;une batterie lithium-polym\u00e8re de haute qualit\u00e9 de 5000 mAh pour [&hellip;]<\/p>\n","protected":false},"featured_media":4779,"comment_status":"open","ping_status":"closed","template":"","meta":[],"product_brand":[],"product_cat":[113],"product_tag":[],"class_list":{"0":"post-4778","1":"product","2":"type-product","3":"status-publish","4":"has-post-thumbnail","6":"product_cat-gadgets-technologie","8":"first","9":"instock","10":"taxable","11":"shipping-taxable","12":"product-type-simple"},"_links":{"self":[{"href":"https:\/\/www.printings-n.com\/fr_fr\/wp-json\/wp\/v2\/product\/4778","targetHints":{"allow":["GET"]}}],"collection":[{"href":"https:\/\/www.printings-n.com\/fr_fr\/wp-json\/wp\/v2\/product"}],"about":[{"href":"https:\/\/www.printings-n.com\/fr_fr\/wp-json\/wp\/v2\/types\/product"}],"replies":[{"embeddable":true,"href":"https:\/\/www.printings-n.com\/fr_fr\/wp-json\/wp\/v2\/comments?post=4778"}],"wp:featuredmedia":[{"embeddable":true,"href":"https:\/\/www.printings-n.com\/fr_fr\/wp-json\/wp\/v2\/media\/4779"}],"wp:attachment":[{"href":"https:\/\/www.printings-n.com\/fr_fr\/wp-json\/wp\/v2\/media?parent=4778"}],"wp:term":[{"taxonomy":"product_brand","embeddable":true,"href":"https:\/\/www.printings-n.com\/fr_fr\/wp-json\/wp\/v2\/product_brand?post=4778"},{"taxonomy":"product_cat","embeddable":true,"href":"https:\/\/www.printings-n.com\/fr_fr\/wp-json\/wp\/v2\/product_cat?post=4778"},{"taxonomy":"product_tag","embeddable":true,"href":"https:\/\/www.printings-n.com\/fr_fr\/wp-json\/wp\/v2\/product_tag?post=4778"}],"curies":[{"name":"wp","href":"https:\/\/api.w.org\/{rel}","templated":true}]}}