{"id":4776,"date":"2024-12-01T09:47:53","date_gmt":"2024-12-01T09:47:53","guid":{"rendered":"https:\/\/www.printings-n.com\/produit\/coffret-cadeau-powerbox-en-bambou-powerboxbamboogiftsetj5dhvu\/"},"modified":"2024-12-01T09:47:54","modified_gmt":"2024-12-01T09:47:54","slug":"coffret-cadeau-powerbox-en-bambou-powerboxbamboogiftsetj5dhvu","status":"publish","type":"product","link":"https:\/\/www.printings-n.com\/fr_fr\/produit\/coffret-cadeau-powerbox-en-bambou-powerboxbamboogiftsetj5dhvu\/","title":{"rendered":"Coffret cadeau Powerbox en bambou"},"content":{"rendered":"<p>Dans cet ensemble-cadeau respectueux de l&#039;environnement, vous trouverez une batterie externe compacte de 4000mAh, envelopp\u00e9e dans un bo\u00eetier en bambou avec un indicateur de batterie illumin\u00e9 pratique. De plus, il y a un mini haut-parleur sans fil en ABS rechargeable avec Bluetooth version 4.1, \u00e9galement log\u00e9 dans du bambou pour une excellente qualit\u00e9 sonore. L&#039;ensemble comprend \u00e9galement des accessoires assortis, une batterie rechargeable et un mode d&#039;emploi, le tout soigneusement emball\u00e9 dans une \u00e9l\u00e9gante bo\u00eete. Un cadeau parfait pour les destinataires soucieux de l&#039;environnement !<\/p>\n","protected":false},"excerpt":{"rendered":"<p>Dans cet ensemble-cadeau respectueux de l&#039;environnement, vous trouverez une batterie externe compacte de 4000mAh, envelopp\u00e9e dans un bo\u00eetier en bambou avec un indicateur de batterie illumin\u00e9 pratique. De plus, il y a un mini haut-parleur sans fil en ABS rechargeable avec Bluetooth version 4.1, \u00e9galement log\u00e9 dans du bambou pour une excellente qualit\u00e9 sonore. L&#039;ensemble [&hellip;]<\/p>\n","protected":false},"featured_media":4777,"comment_status":"open","ping_status":"closed","template":"","meta":[],"product_brand":[],"product_cat":[113],"product_tag":[],"class_list":{"0":"post-4776","1":"product","2":"type-product","3":"status-publish","4":"has-post-thumbnail","6":"product_cat-gadgets-technologie","8":"first","9":"instock","10":"taxable","11":"shipping-taxable","12":"product-type-simple"},"_links":{"self":[{"href":"https:\/\/www.printings-n.com\/fr_fr\/wp-json\/wp\/v2\/product\/4776","targetHints":{"allow":["GET"]}}],"collection":[{"href":"https:\/\/www.printings-n.com\/fr_fr\/wp-json\/wp\/v2\/product"}],"about":[{"href":"https:\/\/www.printings-n.com\/fr_fr\/wp-json\/wp\/v2\/types\/product"}],"replies":[{"embeddable":true,"href":"https:\/\/www.printings-n.com\/fr_fr\/wp-json\/wp\/v2\/comments?post=4776"}],"wp:featuredmedia":[{"embeddable":true,"href":"https:\/\/www.printings-n.com\/fr_fr\/wp-json\/wp\/v2\/media\/4777"}],"wp:attachment":[{"href":"https:\/\/www.printings-n.com\/fr_fr\/wp-json\/wp\/v2\/media?parent=4776"}],"wp:term":[{"taxonomy":"product_brand","embeddable":true,"href":"https:\/\/www.printings-n.com\/fr_fr\/wp-json\/wp\/v2\/product_brand?post=4776"},{"taxonomy":"product_cat","embeddable":true,"href":"https:\/\/www.printings-n.com\/fr_fr\/wp-json\/wp\/v2\/product_cat?post=4776"},{"taxonomy":"product_tag","embeddable":true,"href":"https:\/\/www.printings-n.com\/fr_fr\/wp-json\/wp\/v2\/product_tag?post=4776"}],"curies":[{"name":"wp","href":"https:\/\/api.w.org\/{rel}","templated":true}]}}