{"id":4772,"date":"2024-12-01T09:47:46","date_gmt":"2024-12-01T09:47:46","guid":{"rendered":"https:\/\/www.printings-n.com\/produit\/batterie-externe-sans-fil-juice-4000mah-juice4000mahwirelesspowerbank\/"},"modified":"2024-12-01T09:47:47","modified_gmt":"2024-12-01T09:47:47","slug":"batterie-externe-sans-fil-juice-4000mah-juice4000mahwirelesspowerbank","status":"publish","type":"product","link":"https:\/\/www.printings-n.com\/fr_fr\/produit\/batterie-externe-sans-fil-juice-4000mah-juice4000mahwirelesspowerbank\/","title":{"rendered":"Batterie externe sans fil Juice 4000mah"},"content":{"rendered":"<p>Une batterie externe de 4000 mAh avec un bo\u00eetier en aluminium qui prend en charge la charge sans fil de 5W, une sortie Micro USB et peut charger compl\u00e8tement un smartphone. Elle dispose d&#039;un indicateur de puissance, d&#039;une entr\u00e9e de 5V\/2A, d&#039;une sortie de 5V\/2A, et comprend un c\u00e2ble de charge en plastique TPE sans PVC. Livr\u00e9e dans une bo\u00eete cadeau standard. Fabriqu\u00e9e en aluminium et en plastique ABS.<\/p>\n","protected":false},"excerpt":{"rendered":"<p>Une batterie externe de 4000 mAh avec un bo\u00eetier en aluminium qui prend en charge la charge sans fil de 5W, une sortie Micro USB et peut charger compl\u00e8tement un smartphone. Elle dispose d&#039;un indicateur de puissance, d&#039;une entr\u00e9e de 5V\/2A, d&#039;une sortie de 5V\/2A, et comprend un c\u00e2ble de charge en plastique TPE sans [&hellip;]<\/p>\n","protected":false},"featured_media":4773,"comment_status":"open","ping_status":"closed","template":"","meta":[],"product_brand":[],"product_cat":[113],"product_tag":[],"class_list":{"0":"post-4772","1":"product","2":"type-product","3":"status-publish","4":"has-post-thumbnail","6":"product_cat-gadgets-technologie","8":"first","9":"instock","10":"taxable","11":"shipping-taxable","12":"product-type-simple"},"_links":{"self":[{"href":"https:\/\/www.printings-n.com\/fr_fr\/wp-json\/wp\/v2\/product\/4772","targetHints":{"allow":["GET"]}}],"collection":[{"href":"https:\/\/www.printings-n.com\/fr_fr\/wp-json\/wp\/v2\/product"}],"about":[{"href":"https:\/\/www.printings-n.com\/fr_fr\/wp-json\/wp\/v2\/types\/product"}],"replies":[{"embeddable":true,"href":"https:\/\/www.printings-n.com\/fr_fr\/wp-json\/wp\/v2\/comments?post=4772"}],"wp:featuredmedia":[{"embeddable":true,"href":"https:\/\/www.printings-n.com\/fr_fr\/wp-json\/wp\/v2\/media\/4773"}],"wp:attachment":[{"href":"https:\/\/www.printings-n.com\/fr_fr\/wp-json\/wp\/v2\/media?parent=4772"}],"wp:term":[{"taxonomy":"product_brand","embeddable":true,"href":"https:\/\/www.printings-n.com\/fr_fr\/wp-json\/wp\/v2\/product_brand?post=4772"},{"taxonomy":"product_cat","embeddable":true,"href":"https:\/\/www.printings-n.com\/fr_fr\/wp-json\/wp\/v2\/product_cat?post=4772"},{"taxonomy":"product_tag","embeddable":true,"href":"https:\/\/www.printings-n.com\/fr_fr\/wp-json\/wp\/v2\/product_tag?post=4772"}],"curies":[{"name":"wp","href":"https:\/\/api.w.org\/{rel}","templated":true}]}}