{"id":4751,"date":"2024-12-01T09:47:13","date_gmt":"2024-12-01T09:47:13","guid":{"rendered":"https:\/\/www.printings-n.com\/produit\/ecouteur-tws-en-plastique-recycle-rcs-et-liege-oregonearbuds\/"},"modified":"2024-12-01T09:47:13","modified_gmt":"2024-12-01T09:47:13","slug":"ecouteur-tws-en-plastique-recycle-rcs-et-liege-oregonearbuds","status":"publish","type":"product","link":"https:\/\/www.printings-n.com\/fr_fr\/produit\/ecouteur-tws-en-plastique-recycle-rcs-et-liege-oregonearbuds\/","title":{"rendered":"\u00c9couteurs plastique recycl\u00e9 RCS et li\u00e8ge"},"content":{"rendered":"<p>Ces \u00e9couteurs offrent un ajustement parfait et une recharge rapide, ne prenant que 1,5 heure pour se recharger ! Associez-les sans effort \u00e0 votre appareil gr\u00e2ce \u00e0 la fonction d&#039;auto-appariement et profitez d&#039;environ 3 heures de lecture, renforc\u00e9e par le BT 5.3 pour une connexion optimale dans une plage de 10 m\u00e8tres. Dot\u00e9s d&#039;un microphone int\u00e9gr\u00e9 et d&#039;une fonction de prise en main pratique, chaque ensemble comprend un c\u00e2ble de chargement en TPE recycl\u00e9 certifi\u00e9 RCS pour une durabilit\u00e9 accrue.<\/p>\n","protected":false},"excerpt":{"rendered":"<p>Ces \u00e9couteurs offrent un ajustement parfait et une recharge rapide, ne prenant que 1,5 heure pour se recharger ! Associez-les sans effort \u00e0 votre appareil gr\u00e2ce \u00e0 la fonction d&#039;auto-appariement et profitez d&#039;environ 3 heures de lecture, renforc\u00e9e par le BT 5.3 pour une connexion optimale dans une plage de 10 m\u00e8tres. Dot\u00e9s d&#039;un microphone [&hellip;]<\/p>\n","protected":false},"featured_media":4752,"comment_status":"open","ping_status":"closed","template":"","meta":[],"product_brand":[],"product_cat":[113],"product_tag":[],"class_list":{"0":"post-4751","1":"product","2":"type-product","3":"status-publish","4":"has-post-thumbnail","6":"product_cat-gadgets-technologie","8":"first","9":"instock","10":"taxable","11":"shipping-taxable","12":"product-type-simple"},"_links":{"self":[{"href":"https:\/\/www.printings-n.com\/fr_fr\/wp-json\/wp\/v2\/product\/4751","targetHints":{"allow":["GET"]}}],"collection":[{"href":"https:\/\/www.printings-n.com\/fr_fr\/wp-json\/wp\/v2\/product"}],"about":[{"href":"https:\/\/www.printings-n.com\/fr_fr\/wp-json\/wp\/v2\/types\/product"}],"replies":[{"embeddable":true,"href":"https:\/\/www.printings-n.com\/fr_fr\/wp-json\/wp\/v2\/comments?post=4751"}],"wp:featuredmedia":[{"embeddable":true,"href":"https:\/\/www.printings-n.com\/fr_fr\/wp-json\/wp\/v2\/media\/4752"}],"wp:attachment":[{"href":"https:\/\/www.printings-n.com\/fr_fr\/wp-json\/wp\/v2\/media?parent=4751"}],"wp:term":[{"taxonomy":"product_brand","embeddable":true,"href":"https:\/\/www.printings-n.com\/fr_fr\/wp-json\/wp\/v2\/product_brand?post=4751"},{"taxonomy":"product_cat","embeddable":true,"href":"https:\/\/www.printings-n.com\/fr_fr\/wp-json\/wp\/v2\/product_cat?post=4751"},{"taxonomy":"product_tag","embeddable":true,"href":"https:\/\/www.printings-n.com\/fr_fr\/wp-json\/wp\/v2\/product_tag?post=4751"}],"curies":[{"name":"wp","href":"https:\/\/api.w.org\/{rel}","templated":true}]}}