{"id":4748,"date":"2024-12-01T09:47:08","date_gmt":"2024-12-01T09:47:08","guid":{"rendered":"https:\/\/www.printings-n.com\/produit\/ecouteurs-sans-fil-enc-urban-vitamin-byron-urbanvitaminbyronearbuds\/"},"modified":"2024-12-01T09:47:09","modified_gmt":"2024-12-01T09:47:09","slug":"ecouteurs-sans-fil-enc-urban-vitamin-byron-urbanvitaminbyronearbuds","status":"publish","type":"product","link":"https:\/\/www.printings-n.com\/fr_fr\/produit\/ecouteurs-sans-fil-enc-urban-vitamin-byron-urbanvitaminbyronearbuds\/","title":{"rendered":"\u00c9couteurs sans fil ENC Urban Vitamin Byron"},"content":{"rendered":"<p>Vivez la libert\u00e9 sans fil avec ces \u00e9couteurs compacts, offrant un mode de jeu \u00e0 faible latence pour une exp\u00e9rience de jeu immersive et des appels d&#039;une clart\u00e9 cristalline, \u00e9liminant le bruit ambiant. Avec des commandes tactiles pour une gestion facile des appels, profitez de 5 heures de confort et de 18 heures suppl\u00e9mentaires gr\u00e2ce \u00e0 l&#039;\u00e9tui de charge de poche. R\u00e9sistants aux intemp\u00e9ries et \u00e0 la transpiration avec une cote IPX4, ils sont parfaits pour une utilisation en ext\u00e9rieur. Personnalisez avec votre logo ou votre design et commandez d\u00e8s aujourd&#039;hui!<\/p>\n","protected":false},"excerpt":{"rendered":"<p>Vivez la libert\u00e9 sans fil avec ces \u00e9couteurs compacts, offrant un mode de jeu \u00e0 faible latence pour une exp\u00e9rience de jeu immersive et des appels d&#039;une clart\u00e9 cristalline, \u00e9liminant le bruit ambiant. Avec des commandes tactiles pour une gestion facile des appels, profitez de 5 heures de confort et de 18 heures suppl\u00e9mentaires gr\u00e2ce [&hellip;]<\/p>\n","protected":false},"featured_media":4749,"comment_status":"open","ping_status":"closed","template":"","meta":[],"product_brand":[],"product_cat":[113],"product_tag":[],"class_list":{"0":"post-4748","1":"product","2":"type-product","3":"status-publish","4":"has-post-thumbnail","6":"product_cat-gadgets-technologie","8":"first","9":"instock","10":"taxable","11":"shipping-taxable","12":"product-type-simple"},"_links":{"self":[{"href":"https:\/\/www.printings-n.com\/fr_fr\/wp-json\/wp\/v2\/product\/4748","targetHints":{"allow":["GET"]}}],"collection":[{"href":"https:\/\/www.printings-n.com\/fr_fr\/wp-json\/wp\/v2\/product"}],"about":[{"href":"https:\/\/www.printings-n.com\/fr_fr\/wp-json\/wp\/v2\/types\/product"}],"replies":[{"embeddable":true,"href":"https:\/\/www.printings-n.com\/fr_fr\/wp-json\/wp\/v2\/comments?post=4748"}],"wp:featuredmedia":[{"embeddable":true,"href":"https:\/\/www.printings-n.com\/fr_fr\/wp-json\/wp\/v2\/media\/4749"}],"wp:attachment":[{"href":"https:\/\/www.printings-n.com\/fr_fr\/wp-json\/wp\/v2\/media?parent=4748"}],"wp:term":[{"taxonomy":"product_brand","embeddable":true,"href":"https:\/\/www.printings-n.com\/fr_fr\/wp-json\/wp\/v2\/product_brand?post=4748"},{"taxonomy":"product_cat","embeddable":true,"href":"https:\/\/www.printings-n.com\/fr_fr\/wp-json\/wp\/v2\/product_cat?post=4748"},{"taxonomy":"product_tag","embeddable":true,"href":"https:\/\/www.printings-n.com\/fr_fr\/wp-json\/wp\/v2\/product_tag?post=4748"}],"curies":[{"name":"wp","href":"https:\/\/api.w.org\/{rel}","templated":true}]}}