{"id":4744,"date":"2024-12-01T09:47:00","date_gmt":"2024-12-01T09:47:00","guid":{"rendered":"https:\/\/www.printings-n.com\/produit\/concentrateur-rcs-en-aluminium-recycle-avec-entree-hdmi-terrarcshubwithhdmiinput\/"},"modified":"2024-12-01T09:47:00","modified_gmt":"2024-12-01T09:47:00","slug":"concentrateur-rcs-en-aluminium-recycle-avec-entree-hdmi-terrarcshubwithhdmiinput","status":"publish","type":"product","link":"https:\/\/www.printings-n.com\/fr_fr\/produit\/concentrateur-rcs-en-aluminium-recycle-avec-entree-hdmi-terrarcshubwithhdmiinput\/","title":{"rendered":"Adaptateur aluminium recycl\u00e9 avec entr\u00e9e HDMI"},"content":{"rendered":"<p>Am\u00e9liorez votre connectivit\u00e9 avec ce hub \u00e9cologique ! Dot\u00e9 d&#039;une vari\u00e9t\u00e9 de ports, notamment USB A 2.0, USB A 3.0, type C, et d&#039;un port HDMI 4K, c&#039;est le partenaire id\u00e9al pour vos besoins en mati\u00e8re de transfert de donn\u00e9es.&lt;br&gt;&lt;br&gt;Fabriqu\u00e9 avec de l&#039;aluminium recycl\u00e9 et un c\u00e2ble de type C robuste de 10 cm en mat\u00e9riau TPE\/PET certifi\u00e9 RCS, il est \u00e0 la fois durable et efficace. Le connecteur unique \u00e0 double entr\u00e9e du concentrateur lui permet de s&#039;adapter \u00e0 tous les ordinateurs, qu&#039;ils soient de type C ou A. De plus, il est 100 % sans PVC, ce qui en fait un excellent choix pour les amateurs de technologie soucieux de l&#039;environnement.<\/p>\n","protected":false},"excerpt":{"rendered":"<p>Am\u00e9liorez votre connectivit\u00e9 avec ce hub \u00e9cologique ! Dot\u00e9 d&#039;une vari\u00e9t\u00e9 de ports, notamment USB A 2.0, USB A 3.0, type C, et d&#039;un port HDMI 4K, c&#039;est le partenaire id\u00e9al pour vos besoins en mati\u00e8re de transfert de donn\u00e9es.&lt;br&gt;&lt;br&gt;Fabriqu\u00e9 avec de l&#039;aluminium recycl\u00e9 et un c\u00e2ble de type C robuste de 10 cm en [&hellip;]<\/p>\n","protected":false},"featured_media":4745,"comment_status":"open","ping_status":"closed","template":"","meta":[],"product_brand":[],"product_cat":[113],"product_tag":[],"class_list":{"0":"post-4744","1":"product","2":"type-product","3":"status-publish","4":"has-post-thumbnail","6":"product_cat-gadgets-technologie","8":"first","9":"instock","10":"taxable","11":"shipping-taxable","12":"product-type-simple"},"_links":{"self":[{"href":"https:\/\/www.printings-n.com\/fr_fr\/wp-json\/wp\/v2\/product\/4744","targetHints":{"allow":["GET"]}}],"collection":[{"href":"https:\/\/www.printings-n.com\/fr_fr\/wp-json\/wp\/v2\/product"}],"about":[{"href":"https:\/\/www.printings-n.com\/fr_fr\/wp-json\/wp\/v2\/types\/product"}],"replies":[{"embeddable":true,"href":"https:\/\/www.printings-n.com\/fr_fr\/wp-json\/wp\/v2\/comments?post=4744"}],"wp:featuredmedia":[{"embeddable":true,"href":"https:\/\/www.printings-n.com\/fr_fr\/wp-json\/wp\/v2\/media\/4745"}],"wp:attachment":[{"href":"https:\/\/www.printings-n.com\/fr_fr\/wp-json\/wp\/v2\/media?parent=4744"}],"wp:term":[{"taxonomy":"product_brand","embeddable":true,"href":"https:\/\/www.printings-n.com\/fr_fr\/wp-json\/wp\/v2\/product_brand?post=4744"},{"taxonomy":"product_cat","embeddable":true,"href":"https:\/\/www.printings-n.com\/fr_fr\/wp-json\/wp\/v2\/product_cat?post=4744"},{"taxonomy":"product_tag","embeddable":true,"href":"https:\/\/www.printings-n.com\/fr_fr\/wp-json\/wp\/v2\/product_tag?post=4744"}],"curies":[{"name":"wp","href":"https:\/\/api.w.org\/{rel}","templated":true}]}}